{"id":982,"date":"2021-10-16T01:40:33","date_gmt":"2021-10-16T01:40:33","guid":{"rendered":"https:\/\/tkd.samil.cz\/?page_id=982"},"modified":"2023-09-08T19:05:52","modified_gmt":"2023-09-08T19:05:52","slug":"vybaveni-pro-trenink","status":"publish","type":"page","link":"https:\/\/samil.cz\/tkd\/?page_id=982","title":{"rendered":"Vybaven\u00ed pro tr\u00e9nink"},"content":{"rendered":"<p><strong>Tobok&nbsp;<\/strong>&#8211; od\u011bv pro cvi\u010den\u00ed taekwon-do<\/p>\n<p style=\"padding-left: 40px;\">P\u0159ed slo\u017een\u00ed slibu TKD na spole\u010dn\u00e9 v\u011bt\u0161\u00ed akci (nap\u0159. semin\u00e1\u0159i). Je vhodn\u00e9 zakoupit TOBOK&nbsp; &#8211; ITF, v\u00fdhradn\u011b \u017e\u00e1kovsk\u00fd b\u00edl\u00fd bez lem\u016f a lampas\u016f a zbyte\u010dn\u00fdch ozdob.<\/p>\n<p style=\"padding-left: 40px;\">Do t\u00e9 doby triko a tepl\u00e1ky.<\/p>\n<p style=\"padding-left: 40px;\"><em>V nab\u00eddk\u00e1ch r\u016fzn\u00fdch prodejc\u016f b\u00fdvaj\u00ed mnoh\u00e9, velmi \u010dasto nevhodn\u00e9 toboky, p\u0159esto prodejci tvrd\u00ed, \u017ee pr\u00e1v\u011b jejich produkt je vhodn\u00fd pro dan\u00e9 bojov\u00e9 um\u011bn\u00ed\/sport. Je t\u0159eba si uv\u011bdomit, \u017ee u vybaven\u00ed pro bojov\u00e1 um\u011bn\u00ed d\u00e1v\u00e1 cvi\u010denec najevo p\u0159\u00edslu\u0161nost k dan\u00e9 \u0161kole\/odd\u00edlu a zde jsou d\u016fle\u017eit\u00e9 i detaily\/dopl\u0148ky, kter\u00e9 u voln\u011b prodejn\u00e9ho oble\u010den\u00ed chyb\u00ed, tak\u017ee opravdu \u017e\u00e1d\u00e1me rodi\u010de, nech\u0165 i p\u0159i sebelep\u0161\u00ed v\u016fli nepo\u0159izuj\u00ed sv\u00e9voln\u011b bez domluvy s u\u010ditelem. Toboky bez znak\u016f \u0161koly nelze pou\u017e\u00edt na zkou\u0161ky ani na z\u00e1vody a dal\u0161\u00ed ve\u0159ejn\u00e9 akce.<\/em><\/p>\n<p style=\"padding-left: 40px;\"><em>Mj. toboky lze zajistit i v r\u00e1mci odd\u00edlu.&nbsp;<\/em><\/p>\n<p style=\"padding-left: 40px;\"><strong>Typ doporu\u010den\u00fdch tobok\u016f:<\/strong><\/p>\n<p><img loading=\"lazy\" decoding=\"async\" class=\"alignnone size-medium wp-image-2095\" src=\"https:\/\/tkd.samil.cz\/wp-content\/uploads\/2023\/05\/DKUI32-300x300-1-300x300.jpg\" alt=\"\" width=\"300\" height=\"300\" srcset=\"https:\/\/samil.cz\/tkd\/wp-content\/uploads\/2023\/05\/DKUI32-300x300-1.jpg 300w, https:\/\/samil.cz\/tkd\/wp-content\/uploads\/2023\/05\/DKUI32-300x300-1-150x150.jpg 150w\" sizes=\"auto, (max-width: 300px) 100vw, 300px\" \/> <img loading=\"lazy\" decoding=\"async\" class=\"alignnone size-medium wp-image-2096\" src=\"https:\/\/tkd.samil.cz\/wp-content\/uploads\/2023\/05\/dobok-kimono-itf-taekwondo-impact-300x300.jpg\" alt=\"\" width=\"300\" height=\"300\" srcset=\"https:\/\/samil.cz\/tkd\/wp-content\/uploads\/2023\/05\/dobok-kimono-itf-taekwondo-impact-300x300.jpg 300w, https:\/\/samil.cz\/tkd\/wp-content\/uploads\/2023\/05\/dobok-kimono-itf-taekwondo-impact-150x150.jpg 150w, https:\/\/samil.cz\/tkd\/wp-content\/uploads\/2023\/05\/dobok-kimono-itf-taekwondo-impact.jpg 452w\" sizes=\"auto, (max-width: 300px) 100vw, 300px\" \/> <img loading=\"lazy\" decoding=\"async\" class=\"alignnone size-medium wp-image-2098\" src=\"https:\/\/tkd.samil.cz\/wp-content\/uploads\/2023\/05\/105-1_katsudo-dobok-itf-barva-bila-velikost-130-300x225.jpg\" alt=\"\" width=\"300\" height=\"225\" srcset=\"https:\/\/samil.cz\/tkd\/wp-content\/uploads\/2023\/05\/105-1_katsudo-dobok-itf-barva-bila-velikost-130-300x225.jpg 300w, https:\/\/samil.cz\/tkd\/wp-content\/uploads\/2023\/05\/105-1_katsudo-dobok-itf-barva-bila-velikost-130-768x576.jpg 768w, https:\/\/samil.cz\/tkd\/wp-content\/uploads\/2023\/05\/105-1_katsudo-dobok-itf-barva-bila-velikost-130-160x120.jpg 160w, https:\/\/samil.cz\/tkd\/wp-content\/uploads\/2023\/05\/105-1_katsudo-dobok-itf-barva-bila-velikost-130.jpg 1024w\" sizes=\"auto, (max-width: 300px) 100vw, 300px\" \/><\/p>\n<p style=\"padding-left: 40px;\"><strong>Typ tolerovan\u00fdch tobok\u016f:<\/strong><\/p>\n<p><img loading=\"lazy\" decoding=\"async\" class=\"alignnone size-full wp-image-2099\" src=\"https:\/\/tkd.samil.cz\/wp-content\/uploads\/2023\/05\/images.jpeg\" alt=\"\" width=\"259\" height=\"194\" srcset=\"https:\/\/samil.cz\/tkd\/wp-content\/uploads\/2023\/05\/images.jpeg 259w, https:\/\/samil.cz\/tkd\/wp-content\/uploads\/2023\/05\/images-160x120.jpeg 160w\" sizes=\"auto, (max-width: 259px) 100vw, 259px\" \/> <img loading=\"lazy\" decoding=\"async\" class=\"alignnone size-full wp-image-2100\" src=\"https:\/\/tkd.samil.cz\/wp-content\/uploads\/2023\/05\/images-1.jpeg\" alt=\"\" width=\"217\" height=\"232\"><\/p>\n<p>&nbsp;<\/p>\n<p>Jin\u00fd st\u0159ih a zna\u010den\u00ed je nep\u0159\u00edpustn\u00e9.<\/p>\n<hr>\n<p>&nbsp;<\/p>\n<p><strong>Lapa<\/strong><\/p>\n<p style=\"padding-left: 40px;\">Na b\u011b\u017en\u00e9 tr\u00e9ninky m\u00e1me odd\u00edlov\u00e9, tud\u00ed\u017e nen\u00ed nutn\u00e9 samostatn\u011b po\u0159izovat.<\/p>\n<hr>\n<p><strong>Chr\u00e1ni\u010de nohou a rukou (boti\u010dky a rukavice) a chr\u00e1ni\u010de zub\u016f&nbsp;<\/strong><\/p>\n<p style=\"padding-left: 40px;\">Doporu\u010dujeme tuto sadu nosit na tr\u00e9ninky, ostatn\u00ed chr\u00e1ni\u010de jsou zbyte\u010dn\u00e9 v r\u00e1mci b\u011b\u017en\u00e9 tr\u00e9ninkov\u00e9 p\u0159\u00edpravy. Chr\u00e1ni\u010de zub\u016f posta\u010d\u00ed jedno\u0159ad\u00e9.<\/p>\n<p style=\"padding-left: 40px;\"><em>Pokud nepl\u00e1nujete jezdit na sout\u011b\u017ee, a po\u0159izujete chr\u00e1ni\u010de pouze pro tr\u00e9nink, kupte si libovolnou barvu. Na sout\u011b\u017ee je povolen\u00e1 pouze \u010derven\u00e1 nebo modr\u00e1 sada! A k n\u00ed jsou nutn\u00e9 dal\u0161\u00ed povinn\u00e9 ochrann\u00e9 prvky (viz. bude nov\u00e1 str\u00e1nka).<\/em><\/p>\n<p style=\"padding-left: 40px;\"><strong>Typy chr\u00e1ni\u010d\u016f doporu\u010den\u00fdch pro tr\u00e9nink i sout\u011b\u017ee (pozor pokud sout\u011b\u017e\u00edc\u00ed bude startovat na svazov\u00fdch sout\u011b\u017e\u00edch mus\u00ed m\u00edt dv\u011b sady chr\u00e1ni\u010d\u016f &#8211; \u010derven\u00e1, modr\u00e1 i s helmami; pokud je star\u0161\u00ed 14-cti let jin\u00e9 rukavice a to pln\u00e9 OZ-10)<\/strong><\/p>\n<p style=\"padding-left: 40px;\"><img loading=\"lazy\" decoding=\"async\" class=\"alignnone size-full wp-image-2101\" src=\"https:\/\/tkd.samil.cz\/wp-content\/uploads\/2023\/05\/stazeny-soubor.jpeg\" alt=\"\" width=\"283\" height=\"178\">&nbsp;<img loading=\"lazy\" decoding=\"async\" class=\"alignnone size-full wp-image-2102\" src=\"https:\/\/tkd.samil.cz\/wp-content\/uploads\/2023\/05\/images-2.jpeg\" alt=\"\" width=\"238\" height=\"212\"><\/p>\n<p>&nbsp;<\/p>\n<p style=\"padding-left: 40px;\"><strong>Typy chr\u00e1ni\u010d\u016f tolerovan\u00fdch pro tr\u00e9nink i sout\u011b\u017ee<\/strong><\/p>\n<p><img loading=\"lazy\" decoding=\"async\" class=\"alignnone size-full wp-image-2103\" src=\"https:\/\/tkd.samil.cz\/wp-content\/uploads\/2023\/05\/images-5.jpeg\" alt=\"\" width=\"275\" height=\"183\" srcset=\"https:\/\/samil.cz\/tkd\/wp-content\/uploads\/2023\/05\/images-5.jpeg 275w, https:\/\/samil.cz\/tkd\/wp-content\/uploads\/2023\/05\/images-5-120x80.jpeg 120w\" sizes=\"auto, (max-width: 275px) 100vw, 275px\" \/> <img loading=\"lazy\" decoding=\"async\" class=\"alignnone size-medium wp-image-2104\" src=\"https:\/\/tkd.samil.cz\/wp-content\/uploads\/2023\/05\/images-4.jpeg\" alt=\"\" width=\"203\" height=\"248\"> <img loading=\"lazy\" decoding=\"async\" class=\"alignnone size-medium wp-image-2105\" src=\"https:\/\/tkd.samil.cz\/wp-content\/uploads\/2023\/05\/images-3.jpeg\" alt=\"\" width=\"225\" height=\"225\" srcset=\"https:\/\/samil.cz\/tkd\/wp-content\/uploads\/2023\/05\/images-3.jpeg 225w, https:\/\/samil.cz\/tkd\/wp-content\/uploads\/2023\/05\/images-3-150x150.jpeg 150w\" sizes=\"auto, (max-width: 225px) 100vw, 225px\" \/> <img loading=\"lazy\" decoding=\"async\" class=\"alignnone size-medium wp-image-2106\" src=\"https:\/\/tkd.samil.cz\/wp-content\/uploads\/2023\/05\/3e6047d30827cc7996e6d1db58a428d7_1024x-300x300.webp\" alt=\"\" width=\"300\" height=\"300\" srcset=\"https:\/\/samil.cz\/tkd\/wp-content\/uploads\/2023\/05\/3e6047d30827cc7996e6d1db58a428d7_1024x-300x300.webp 300w, https:\/\/samil.cz\/tkd\/wp-content\/uploads\/2023\/05\/3e6047d30827cc7996e6d1db58a428d7_1024x.webp 1024w, https:\/\/samil.cz\/tkd\/wp-content\/uploads\/2023\/05\/3e6047d30827cc7996e6d1db58a428d7_1024x-150x150.webp 150w, https:\/\/samil.cz\/tkd\/wp-content\/uploads\/2023\/05\/3e6047d30827cc7996e6d1db58a428d7_1024x-768x768.webp 768w\" sizes=\"auto, (max-width: 300px) 100vw, 300px\" \/><\/p>\n<p>Nejde o to, co je nati\u0161t\u011bno, ale o tvar a typ ochrany.<\/p>\n<p>&nbsp;<\/p>\n<hr>\n<p><em><strong>Dal\u0161\u00ed chr\u00e1ni\u010de pro sout\u011b\u017ee:<\/strong><\/em><\/p>\n<ul>\n<li><strong>Chr\u00e1ni\u010de holen\u00ed<\/strong><\/li>\n<li><strong>Helmy<\/strong><\/li>\n<li><strong>Suspenzory (Mu\u017ei) \/ chr\u00e1ni\u010de prsou (\u017deny)<\/strong><\/li>\n<li><strong>Chr\u00e1ni\u010de zub\u016f<\/strong><\/li>\n<\/ul>\n<p>&nbsp;<\/p>\n<hr>\n<p><strong>N\u016f\u017e<\/strong><\/p>\n<p style=\"padding-left: 40px;\">Jak\u00fdkoli cvi\u010dn\u00fd gumov\u00fd, ne tvrd\u00fd plast.<\/p>\n<hr>\n<p><strong>Obuv<\/strong><\/p>\n<p style=\"padding-left: 40px;\">Pro bojov\u00e1 um\u011bn\u00ed pou\u017e\u00edvan\u00e1 pouze ze zdravotn\u00edch d\u016fvod\u016f. Pro tr\u00e9nink je nevhodn\u00e1, b\u011b\u017en\u011b cvi\u010d\u00edme naboso.<\/p>\n","protected":false},"excerpt":{"rendered":"<p>Tobok&nbsp;&#8211; od\u011bv pro cvi\u010den\u00ed taekwon-do P\u0159ed slo\u017een\u00ed slibu TKD na spole\u010dn\u00e9 v\u011bt\u0161\u00ed akci (nap\u0159. semin\u00e1\u0159i). Je vhodn\u00e9 zakoupit TOBOK&nbsp; &#8211; ITF, v\u00fdhradn\u011b \u017e\u00e1kovsk\u00fd b\u00edl\u00fd bez lem\u016f a lampas\u016f a zbyte\u010dn\u00fdch ozdob. Do t\u00e9 doby triko a tepl\u00e1ky. V nab\u00eddk\u00e1ch r\u016fzn\u00fdch <a class=\"more-link\" href=\"https:\/\/samil.cz\/tkd\/?page_id=982\">Cel\u00fd \u010dl\u00e1nek  <span class=\"screen-reader-text\">  Vybaven\u00ed pro tr\u00e9nink<\/span><span class=\"meta-nav\">&rarr;<\/span><\/a><\/p>\n","protected":false},"author":2,"featured_media":0,"parent":0,"menu_order":0,"comment_status":"closed","ping_status":"closed","template":"","meta":{"ngg_post_thumbnail":0,"footnotes":""},"class_list":["post-982","page","type-page","status-publish","hentry"],"_links":{"self":[{"href":"https:\/\/samil.cz\/tkd\/index.php?rest_route=\/wp\/v2\/pages\/982","targetHints":{"allow":["GET"]}}],"collection":[{"href":"https:\/\/samil.cz\/tkd\/index.php?rest_route=\/wp\/v2\/pages"}],"about":[{"href":"https:\/\/samil.cz\/tkd\/index.php?rest_route=\/wp\/v2\/types\/page"}],"author":[{"embeddable":true,"href":"https:\/\/samil.cz\/tkd\/index.php?rest_route=\/wp\/v2\/users\/2"}],"replies":[{"embeddable":true,"href":"https:\/\/samil.cz\/tkd\/index.php?rest_route=%2Fwp%2Fv2%2Fcomments&post=982"}],"version-history":[{"count":23,"href":"https:\/\/samil.cz\/tkd\/index.php?rest_route=\/wp\/v2\/pages\/982\/revisions"}],"predecessor-version":[{"id":2360,"href":"https:\/\/samil.cz\/tkd\/index.php?rest_route=\/wp\/v2\/pages\/982\/revisions\/2360"}],"wp:attachment":[{"href":"https:\/\/samil.cz\/tkd\/index.php?rest_route=%2Fwp%2Fv2%2Fmedia&parent=982"}],"curies":[{"name":"wp","href":"https:\/\/api.w.org\/{rel}","templated":true}]}}