{"id":89,"date":"2021-04-21T19:11:59","date_gmt":"2021-04-21T19:11:59","guid":{"rendered":"https:\/\/tkd.samil.cz\/?page_id=89"},"modified":"2023-05-31T16:46:13","modified_gmt":"2023-05-31T16:46:13","slug":"nabor-novych-clenu","status":"publish","type":"page","link":"https:\/\/samil.cz\/tkd\/?page_id=89","title":{"rendered":"N\u00e1bor nov\u00fdch \u010dlen\u016f"},"content":{"rendered":"\r\n<h2 class=\"wp-block-heading\">Kdy a kam m\u016f\u017eu p\u0159ij\u00edt?<\/h2>\r\n\r\n\r\n\r\n<p>M\u016f\u017eete p\u0159ij\u00edt na jak\u00fdkoli tr\u00e9nink v\u00a0pr\u016fb\u011bhu cel\u00e9ho roku, kter\u00fd naleznete v seznamu tr\u00e9nink\u016f.<\/p>\r\n\r\n\r\n\r\n<h2 class=\"wp-block-heading\">Kdo m\u016f\u017ee p\u0159ij\u00edt?<\/h2>\r\n\r\n\r\n\r\n<p>Kdokoli. U \u010dty\u0159 a\u017e \u0161estilet\u00fdch d\u011bt\u00ed je lep\u0161\u00ed, kdy\u017e s\u00a0d\u00edt\u011btem cvi\u010d\u00ed star\u0161\u00ed sourozenec, rodi\u010d nebo prarodi\u010d. M\u00e1te-li n\u011bjak\u00fd zdravotn\u00ed handicap, je mo\u017en\u00e9 V\u00e1m tr\u00e9nink individu\u00e1ln\u011b p\u0159izp\u016fsobit. P\u0159\u00edstup tren\u00e9ra k\u00a0V\u00e1m je samoz\u0159ejm\u011b adekv\u00e1tn\u00ed Va\u0161emu fyzick\u00e9mu stavu (v\u011bku). V\u00a0na\u0161\u00ed \u0161kole aktu\u00e1ln\u011b cvi\u010d\u00ed studenti od 4 do 75 let.<\/p>\r\n\r\n\r\n\r\n<h2 class=\"wp-block-heading\">Mus\u00edm n\u011bco platit?<\/h2>\r\n\r\n\r\n\r\n<p>Rozhodn\u011b NE! Prvn\u00ed 3 tr\u00e9ninky m\u00e1te kompletn\u011b zdarma. Umo\u017e\u0148ujeme tak za\u010d\u00e1te\u010dn\u00edk\u016fm, aby se nez\u00e1vazn\u011b a zdarma sezn\u00e1mili s TKD a na\u0161\u00ed \u0161kolou a zkusili si tr\u00e9nink tohoto jedine\u010dn\u00e9ho korejsk\u00e9ho bojov\u00e9ho um\u011bn\u00ed.<br \/>D\u00e1le si m\u016f\u017eete zvolit jeden z\u00a0\u010dlensk\u00fdch p\u0159\u00edsp\u011bvk\u016f.<\/p>\r\n<p>&nbsp;<\/p>\r\n\r\n\r\n\r\n<h1 class=\"wp-block-heading\"><strong>Prvn\u00ed tr\u00e9nink<\/strong><\/h1>\r\n\r\n\r\n\r\n<h2 class=\"wp-block-heading\">Co budu na tr\u00e9ninku d\u011blat jako za\u010d\u00e1te\u010dn\u00edk?<\/h2>\r\n\r\n\r\n\r\n<p>Nebudeme po V\u00e1s rozhodn\u011b cht\u00edt nic, \u010deho nejste fyzicky schopni. TKD u\u010d\u00edme techniku po technice a jenom tak je zaru\u010den rychl\u00fd rozvoj \u017e\u00e1k\u016f. Rozhodn\u011b V\u00e1s nenech\u00e1me na prvn\u00edm tr\u00e9ninku p\u0159er\u00e1\u017eet cihly nebo se pr\u00e1t. Budete cvi\u010dit z\u00e1kladn\u00ed techniky, stre\u010dink, z\u00e1kladn\u00ed sebeobranu, lehk\u00e9 kondi\u010dn\u00ed cvi\u010den\u00ed. Jde n\u00e1m o\u00a0to, nau\u010dit V\u00e1s bojov\u00e9 um\u011bn\u00ed se v\u0161\u00edm v\u0161udy. N\u00e1ro\u010dnost cvi\u010den\u00ed si m\u016f\u017eete p\u0159izp\u016fsobit i sami po\u010dtem tr\u00e9nink\u016f. Pro za\u010d\u00e1tek doporu\u010dujeme pravideln\u011b minim\u00e1ln\u011b jeden tr\u00e9nink t\u00fddn\u011b plus alespo\u0148 \u010d\u00e1st nejbli\u017e\u0161\u00edho soust\u0159ed\u011bn\u00ed.<\/p>\r\n\r\n\r\n\r\n<h2 class=\"wp-block-heading\">Co m\u00e1m m\u00edt s\u00a0sebou?<\/h2>\r\n\r\n\r\n\r\n<p>Doporu\u010dujeme zkusit si tr\u00e9nink ji\u017e na prvn\u00ed hodin\u011b, proto\u017ee tak nejl\u00e9pe pozn\u00e1te, co je to TKD. Na cvi\u010den\u00ed sta\u010d\u00ed m\u00edt s\u00a0sebou tepl\u00e1ky a tri\u010dko. Cvi\u010d\u00edme naboso (v p\u0159\u00edpad\u011b zdravotn\u00edch probl\u00e9m\u016f mo\u017eno cvi\u010dit v\u00a0lehk\u00e9 sportovn\u00ed obuvi). Venku cvi\u010d\u00edme v b\u011b\u017en\u00e9 sportovn\u00ed obuvi a v p\u0159\u00edpad\u011b mo\u017enosti i naboso a na sob\u011b nap\u0159. &#8222;tepl\u00e1ka\u010dku&#8220;.<\/p>\r\n\r\n\r\n\r\n<p><strong>V\u00fdbava pro cvi\u010den\u00ed a zkou\u0161ky na technick\u00e9 stupn\u011b je poskytnuta zdarma.<\/strong><\/p>\r\n<h2 class=\"wp-block-heading\">\r\n\r\n<\/h2>\r\n<h2 class=\"wp-block-heading\">Je to bezpe\u010dn\u00e9 pro zdrav\u00ed?<\/h2>\r\n\r\n\r\n\r\n<p>V\u00a0tabulk\u00e1ch \u00farazovosti jsou bojov\u00e1 um\u011bn\u00ed obecn\u011b a\u017e daleko za popul\u00e1rn\u00edm hokejem, fotbalem nebo t\u0159eba volejbalem. Cvi\u010den\u00ed TKD je prosp\u011b\u0161n\u00e9 nejen pro zdrav\u00ed fyzick\u00e9 ale i psychick\u00e9. M\u00e1 velmi pozitivn\u00ed vliv na spr\u00e1vn\u00e9 dr\u017een\u00ed t\u011bla a tak\u00e9 na pos\u00edlen\u00ed a prota\u017een\u00ed cel\u00e9ho t\u011bla v\u016fbec. V\u00fdborn\u011b funguje jako relaxace.<\/p>\r\n\r\n\r\n\r\n<h2 class=\"wp-block-heading\">V m\u00e9m okol\u00ed Va\u0161e \u0161kola nep\u016fsob\u00ed a j\u00e1 bych opravdu r\u00e1d(a) cvi\u010dil(a).<\/h2>\r\n\r\n\r\n\r\n<p>Kontaktujte n\u00e1s. T\u0159eba v\u00a0m\u00edst\u011b Va\u0161eho bydli\u0161t\u011b nebo pobl\u00ed\u017e p\u016fsob\u00ed jin\u00e1 \u0161kola, kterou V\u00e1m doporu\u010d\u00edme. V\u00a0opa\u010dn\u00e9m p\u0159\u00edpad\u011b n\u00e1m m\u016f\u017eete pomoci zorganizovat ve Va\u0161\u00ed bl\u00edzkosti novou skupinu nebo se alespo\u0148 \u00fa\u010dastnit na\u0161ich soust\u0159ed\u011bn\u00ed \u010di\u00a0individu\u00e1ln\u00edch lekc\u00ed.<\/p>\r\n\r\n\r\n\r\n<h2 class=\"wp-block-heading\">U\u017e jsem TKD ITF cvi\u010dil(a)&#8230;<\/h2>\r\n\r\n\r\n\r\n<p>V\u00fdborn\u011b. Nebojte se znovu za\u010d\u00edt. V\u00e1\u0161 technick\u00fd stupe\u0148 je st\u00e1le platn\u00fd, i kdy\u017e t\u0159eba bude n\u011bjakou dobu trvat, ne\u017e si sv\u00e9 znalosti a dovednosti o\u017eiv\u00edte.<\/p>\r\n\r\n\r\n\r\n<h2 class=\"wp-block-heading\">P\u0159ihl\u00e1\u0161ka<\/h2>\r\n\r\n\r\n\r\n<p>Abyste se stali \u010dlenem na\u0161\u00ed \u0161koly, je t\u0159eba vyplnit elektronickou p\u0159ihl\u00e1\u0161ku (odkaz zde <a href=\"https:\/\/tkd.samil.cz\/?page_id=1388\">&#8230;<\/a>). P\u0159ihl\u00e1\u0161ku nemus\u00edte vypl\u0148ovat p\u0159ed p\u0159\u00edchodem na prvn\u00ed tr\u00e9nink. Nejprve p\u0159ij\u010fte, vyzkou\u0161ejte si s n\u00e1mi cvi\u010dit, domluvte se s u\u010ditelem na v\u0161em pot\u0159ebn\u00e9m a teprve v pr\u016fb\u011bhu prvn\u00edch 3 tr\u00e9nink\u016f (kter\u00e9 m\u00e1te zdarma) vypl\u0148te p\u0159ihl\u00e1\u0161ku.<\/p>\r\n","protected":false},"excerpt":{"rendered":"<p>Kdy a kam m\u016f\u017eu p\u0159ij\u00edt? M\u016f\u017eete p\u0159ij\u00edt na jak\u00fdkoli tr\u00e9nink v\u00a0pr\u016fb\u011bhu cel\u00e9ho roku, kter\u00fd naleznete v seznamu tr\u00e9nink\u016f. Kdo m\u016f\u017ee p\u0159ij\u00edt? Kdokoli. U \u010dty\u0159 a\u017e \u0161estilet\u00fdch d\u011bt\u00ed je lep\u0161\u00ed, kdy\u017e s\u00a0d\u00edt\u011btem cvi\u010d\u00ed star\u0161\u00ed sourozenec, rodi\u010d nebo prarodi\u010d. M\u00e1te-li n\u011bjak\u00fd zdravotn\u00ed <a class=\"more-link\" href=\"https:\/\/samil.cz\/tkd\/?page_id=89\">Cel\u00fd \u010dl\u00e1nek  <span class=\"screen-reader-text\">  N\u00e1bor nov\u00fdch \u010dlen\u016f<\/span><span class=\"meta-nav\">&rarr;<\/span><\/a><\/p>\n","protected":false},"author":1,"featured_media":0,"parent":0,"menu_order":0,"comment_status":"closed","ping_status":"closed","template":"","meta":{"ngg_post_thumbnail":0,"footnotes":""},"class_list":["post-89","page","type-page","status-publish","hentry"],"_links":{"self":[{"href":"https:\/\/samil.cz\/tkd\/index.php?rest_route=\/wp\/v2\/pages\/89","targetHints":{"allow":["GET"]}}],"collection":[{"href":"https:\/\/samil.cz\/tkd\/index.php?rest_route=\/wp\/v2\/pages"}],"about":[{"href":"https:\/\/samil.cz\/tkd\/index.php?rest_route=\/wp\/v2\/types\/page"}],"author":[{"embeddable":true,"href":"https:\/\/samil.cz\/tkd\/index.php?rest_route=\/wp\/v2\/users\/1"}],"replies":[{"embeddable":true,"href":"https:\/\/samil.cz\/tkd\/index.php?rest_route=%2Fwp%2Fv2%2Fcomments&post=89"}],"version-history":[{"count":10,"href":"https:\/\/samil.cz\/tkd\/index.php?rest_route=\/wp\/v2\/pages\/89\/revisions"}],"predecessor-version":[{"id":2133,"href":"https:\/\/samil.cz\/tkd\/index.php?rest_route=\/wp\/v2\/pages\/89\/revisions\/2133"}],"wp:attachment":[{"href":"https:\/\/samil.cz\/tkd\/index.php?rest_route=%2Fwp%2Fv2%2Fmedia&parent=89"}],"curies":[{"name":"wp","href":"https:\/\/api.w.org\/{rel}","templated":true}]}}