{"id":345,"date":"2021-04-23T18:56:49","date_gmt":"2021-04-23T18:56:49","guid":{"rendered":"https:\/\/tkd.samil.cz\/?page_id=345"},"modified":"2023-02-17T13:11:13","modified_gmt":"2023-02-17T13:11:13","slug":"priprava-asistentu","status":"publish","type":"page","link":"https:\/\/samil.cz\/tkd\/?page_id=345","title":{"rendered":"P\u0159\u00edprava pro asistenty a \u010dern\u00e9 p\u00e1sy"},"content":{"rendered":"<hr \/>\n<p>M\u00edsto: \u0160t\u011bp\u00e1novice, Obecn\u00ed \u00fa\u0159ad<\/p>\n<p>P\u00e1tek: 19:00-20:30 hod.<\/p>\n<p>Tento term\u00edn je rezervov\u00e1n pro dv\u011b r\u016fzn\u00e9 p\u0159\u00edpravy:<\/p>\n<p>pro p\u0159\u00edpravu asistent\u016f<\/p>\n<p>pro p\u0159\u00edpravu pro \u010dern\u00e9 p\u00e1sky<\/p>\n<p>Tyto tr\u00e9ninky budou v\u017edy prob\u00edhat odd\u011blen\u011b, co\u017e bude up\u0159esn\u011bno v kalend\u00e1\u0159i.<\/p>\n<hr \/>\n<p>Pro p\u0159\u00edpravu pro \u010dern\u00e9 p\u00e1sy &#8211; na TS DAN akceptujeme od 1. kupu<\/p>\n<p>Pro p\u0159\u00edpravu u\u010ditel\u016f, asistent\u016f a pomocn\u00fdch asistent\u016f, ale i z\u00e1jemc\u016f o tyto funkce akceptujeme od 4. kupu od 13. let.<\/p>\n","protected":false},"excerpt":{"rendered":"<p>M\u00edsto: \u0160t\u011bp\u00e1novice, Obecn\u00ed \u00fa\u0159ad P\u00e1tek: 19:00-20:30 hod. Tento term\u00edn je rezervov\u00e1n pro dv\u011b r\u016fzn\u00e9 p\u0159\u00edpravy: pro p\u0159\u00edpravu asistent\u016f pro p\u0159\u00edpravu pro \u010dern\u00e9 p\u00e1sky Tyto tr\u00e9ninky budou v\u017edy prob\u00edhat odd\u011blen\u011b, co\u017e bude up\u0159esn\u011bno v kalend\u00e1\u0159i. Pro p\u0159\u00edpravu pro \u010dern\u00e9 p\u00e1sy &#8211; <a class=\"more-link\" href=\"https:\/\/samil.cz\/tkd\/?page_id=345\">Cel\u00fd \u010dl\u00e1nek  <span class=\"screen-reader-text\">  P\u0159\u00edprava pro asistenty a \u010dern\u00e9 p\u00e1sy<\/span><span class=\"meta-nav\">&rarr;<\/span><\/a><\/p>\n","protected":false},"author":1,"featured_media":0,"parent":164,"menu_order":800,"comment_status":"closed","ping_status":"closed","template":"","meta":{"ngg_post_thumbnail":0,"footnotes":""},"class_list":["post-345","page","type-page","status-publish","hentry"],"_links":{"self":[{"href":"https:\/\/samil.cz\/tkd\/index.php?rest_route=\/wp\/v2\/pages\/345","targetHints":{"allow":["GET"]}}],"collection":[{"href":"https:\/\/samil.cz\/tkd\/index.php?rest_route=\/wp\/v2\/pages"}],"about":[{"href":"https:\/\/samil.cz\/tkd\/index.php?rest_route=\/wp\/v2\/types\/page"}],"author":[{"embeddable":true,"href":"https:\/\/samil.cz\/tkd\/index.php?rest_route=\/wp\/v2\/users\/1"}],"replies":[{"embeddable":true,"href":"https:\/\/samil.cz\/tkd\/index.php?rest_route=%2Fwp%2Fv2%2Fcomments&post=345"}],"version-history":[{"count":23,"href":"https:\/\/samil.cz\/tkd\/index.php?rest_route=\/wp\/v2\/pages\/345\/revisions"}],"predecessor-version":[{"id":1971,"href":"https:\/\/samil.cz\/tkd\/index.php?rest_route=\/wp\/v2\/pages\/345\/revisions\/1971"}],"up":[{"embeddable":true,"href":"https:\/\/samil.cz\/tkd\/index.php?rest_route=\/wp\/v2\/pages\/164"}],"wp:attachment":[{"href":"https:\/\/samil.cz\/tkd\/index.php?rest_route=%2Fwp%2Fv2%2Fmedia&parent=345"}],"curies":[{"name":"wp","href":"https:\/\/api.w.org\/{rel}","templated":true}]}}