{"id":337,"date":"2021-04-23T18:41:48","date_gmt":"2021-04-23T18:41:48","guid":{"rendered":"https:\/\/tkd.samil.cz\/?page_id=337"},"modified":"2022-11-23T00:36:03","modified_gmt":"2022-11-23T00:36:03","slug":"hymna","status":"publish","type":"page","link":"https:\/\/samil.cz\/tkd\/?page_id=337","title":{"rendered":"Hymna"},"content":{"rendered":"<p><strong>Taekwondo hymna<\/strong><\/p>\n<p>Zde je mp3 n\u00e1p\u011bv hymny TKD<\/p>\n<p><a href=\"https:\/\/tkd.samil.cz\/wp-content\/uploads\/2021\/04\/hymna_taekwonda-1.mp3\">https:\/\/tkd.samil.cz\/wp-content\/uploads\/2021\/04\/hymna_taekwonda-1.mp3<\/a><\/p>\n<p>&#8212;<\/p>\n<p>Zde je \u00favodn\u00ed p\u00edse\u0148 z mistrovstv\u00ed<\/p>\n<p><a href=\"https:\/\/tkd.samil.cz\/wp-content\/uploads\/2021\/04\/01-Until-That-Day.mp3\">https:\/\/tkd.samil.cz\/wp-content\/uploads\/2021\/04\/01-Until-That-Day.mp3<\/a><\/p>\n<p>&nbsp;<\/p>\n<p>&nbsp;<\/p>\n","protected":false},"excerpt":{"rendered":"<p>Taekwondo hymna Zde je mp3 n\u00e1p\u011bv hymny TKD https:\/\/tkd.samil.cz\/wp-content\/uploads\/2021\/04\/hymna_taekwonda-1.mp3 &#8212; Zde je \u00favodn\u00ed p\u00edse\u0148 z mistrovstv\u00ed https:\/\/tkd.samil.cz\/wp-content\/uploads\/2021\/04\/01-Until-That-Day.mp3 &nbsp; &nbsp;<\/p>\n","protected":false},"author":1,"featured_media":0,"parent":1554,"menu_order":0,"comment_status":"closed","ping_status":"closed","template":"","meta":{"ngg_post_thumbnail":0,"footnotes":""},"class_list":["post-337","page","type-page","status-publish","hentry"],"_links":{"self":[{"href":"https:\/\/samil.cz\/tkd\/index.php?rest_route=\/wp\/v2\/pages\/337","targetHints":{"allow":["GET"]}}],"collection":[{"href":"https:\/\/samil.cz\/tkd\/index.php?rest_route=\/wp\/v2\/pages"}],"about":[{"href":"https:\/\/samil.cz\/tkd\/index.php?rest_route=\/wp\/v2\/types\/page"}],"author":[{"embeddable":true,"href":"https:\/\/samil.cz\/tkd\/index.php?rest_route=\/wp\/v2\/users\/1"}],"replies":[{"embeddable":true,"href":"https:\/\/samil.cz\/tkd\/index.php?rest_route=%2Fwp%2Fv2%2Fcomments&post=337"}],"version-history":[{"count":1,"href":"https:\/\/samil.cz\/tkd\/index.php?rest_route=\/wp\/v2\/pages\/337\/revisions"}],"predecessor-version":[{"id":338,"href":"https:\/\/samil.cz\/tkd\/index.php?rest_route=\/wp\/v2\/pages\/337\/revisions\/338"}],"up":[{"embeddable":true,"href":"https:\/\/samil.cz\/tkd\/index.php?rest_route=\/wp\/v2\/pages\/1554"}],"wp:attachment":[{"href":"https:\/\/samil.cz\/tkd\/index.php?rest_route=%2Fwp%2Fv2%2Fmedia&parent=337"}],"curies":[{"name":"wp","href":"https:\/\/api.w.org\/{rel}","templated":true}]}}