{"id":335,"date":"2021-04-23T18:36:25","date_gmt":"2021-04-23T18:36:25","guid":{"rendered":"https:\/\/tkd.samil.cz\/?page_id=335"},"modified":"2021-04-23T18:36:25","modified_gmt":"2021-04-23T18:36:25","slug":"zasady-podrobne","status":"publish","type":"page","link":"https:\/\/samil.cz\/tkd\/?page_id=335","title":{"rendered":"Z\u00e1sady &#8211; podrobn\u011b"},"content":{"rendered":"<div>\n<h2>Vysv\u011btlen\u00ed z\u00e1sad taekwondo<\/h2>\n<div id=\"d\">\n<p>Nen\u00ed t\u0159eba zd\u016fraz\u0148ovat, \u017ee \u00fasp\u011bch nebo selh\u00e1n\u00ed adepta taekwondo \u0161iroce z\u00e1vis\u00ed na tom, jak jsou zachov\u00e1ny a praktikov\u00e1ny z\u00e1sady taekwondo , je\u017e by m\u011bly slou\u017eit jako vod\u00edtko pro v\u0161echny opravdov\u00e9 adepty tohoto um\u011bn\u00ed.<\/p>\n<\/div>\n<\/div>\n<p>&nbsp;<\/p>\n<p><span style=\"font-size: 22px; font-weight: bold;\">Zdvo\u0159ilost<\/span><\/p>\n<div>\n<div id=\"d\">\n<p>Studenti taekwondo by m\u011bli praktikovat n\u00e1sleduj\u00edc\u00ed z\u00e1sady zdvo\u0159ilosti, aby si vybudovali u\u0161lechtil\u00fd charakter:<\/p>\n<ol>\n<li>Podporovat ducha vz\u00e1jemn\u00fdch \u00fastupk\u016f.<\/li>\n<li>Styd\u011bt se za sv\u00e9 nectnosti, pohrdat nectnostmi druh\u00fdch.<\/li>\n<li>Podporovat smysl pro spravedlnost a lidskost.<\/li>\n<li>B\u00fdt zdvo\u0159il\u00fd ke v\u0161em lidem.<\/li>\n<li>Rozli\u0161ovat instruktora od \u017e\u00e1ka, star\u0161\u00edho od mlad\u0161\u00edho a star\u00e9ho od mlad\u00e9ho.<\/li>\n<li>Chovat se dle etiky.<\/li>\n<li>Respektovat postaven\u00ed ostatn\u00edch.<\/li>\n<li>Zach\u00e1zet se v\u0161emi v\u011bcmi a lidmi slu\u0161n\u011b a up\u0159\u00edmn\u011b.<\/li>\n<li>Zdr\u017eovat se d\u00e1v\u00e1n\u00ed nebo p\u0159ij\u00edm\u00e1n\u00ed dar\u016f, jsou-li na pochyb\u00e1ch.<\/li>\n<\/ol>\n<p>&nbsp;<\/p>\n<p><span style=\"font-size: 22px; font-weight: bold;\">\u010cestnost<\/span><\/p>\n<\/div>\n<div id=\"d\">\n<p>\u010clov\u011bk mus\u00ed b\u00fdt schopen spr\u00e1vn\u011b rozli\u0161it dobr\u00e9 a \u0161patn\u00e9, a m\u00e1-li \u0161patn\u00e9 sv\u011bdom\u00ed, m\u011bl by se c\u00edtit vinen. Zde jsou uvedeny n\u011bkter\u00e9 p\u0159\u00edklady, kde je nedostatek \u010destnosti:<\/p>\n<ol>\n<li>Instruktor, kter\u00fd nespr\u00e1vn\u011b p\u0159edstavuje sebe a sv\u00e9 um\u011bn\u00ed p\u0159edv\u00e1d\u011bn\u00edm nespr\u00e1vn\u00fdch technik sv\u00fdm student\u016fm pro nedostatek znalost\u00ed \u010di pro nete\u010dnost.<\/li>\n<li>Student, kter\u00fd podv\u00e1d\u00ed p\u0159i uk\u00e1zce \u010di zkou\u0161ce (upravuje materi\u00e1l pro p\u0159er\u00e1\u017een\u00ed).<\/li>\n<li>Instruktor, kter\u00fd maskuje \u0161patnou techniku p\u0159epychovou tr\u00e9ninkovou halou a klamn\u00fdm lichocen\u00edm sv\u00fdm student\u016fm.<\/li>\n<li>Student, je\u017e vy\u017eaduje od instruktora vy\u0161\u0161\u00ed technick\u00fd stupe\u0148 nebo se jej sna\u017e\u00ed koupit.<\/li>\n<li>Student, kter\u00fd z\u00edsk\u00e1v\u00e1 technick\u00fd stupe\u0148 z\u00a0egoistick\u00fdch d\u016fvod\u016f nebo pro pocit moci.<\/li>\n<li>U\u010ditel, je\u017e u\u010d\u00ed a podporuje sv\u00e9 um\u011bn\u00ed v\u00fdhradn\u011b pro materi\u00e1ln\u00ed zisky.<\/li>\n<li>Student, jeho\u017e slova a \u010diny se neshoduj\u00ed.<\/li>\n<li>Student, kter\u00fd se styd\u00ed hledat radu u star\u0161\u00edch.<\/li>\n<\/ol>\n<p>&nbsp;<\/p>\n<\/div>\n<div id=\"d\">\n<h3>Vytrvalost<\/h3>\n<p>O vytrvalosti a trp\u011blivosti star\u00e1 orient\u00e1ln\u00ed p\u0159\u00edslov\u00ed prav\u00ed: \u201eTrp\u011blivost vede ke ctnostem a vynikaj\u00edc\u00edm vlastnostem\u201c, \u201e\u010clov\u011bk m\u016f\u017ee vytvo\u0159it m\u00edrumilovn\u00fd domov t\u00edm, \u017ee bude stokr\u00e1t trp\u011bliv\u00fd.\u201c<\/p>\n<p>Je z\u0159ejm\u00e9, \u017ee \u0161t\u011bst\u00ed a prosperity dos\u00e1hne nejpravd\u011bpodobn\u011bji trp\u011bliv\u00fd \u010dlov\u011bk. Tak\u00e9 v taekwondo , chce-li \u010dlov\u011bk n\u011b\u010deho dos\u00e1hnout, a\u0165 u\u017e je to dokonalost techniky nebo mistrovsk\u00fd stupe\u0148, mus\u00ed si stanovit sv\u016fj c\u00edl a potom v cest\u011b za jeho dosa\u017een\u00edm vytrvat. Jedno z nejd\u016fle\u017eit\u011bj\u0161\u00edch tajemstv\u00ed na cest\u011b za vynikaj\u00edc\u00edmi v\u00fdsledky v taekwondo je p\u0159ekonat ka\u017edou pot\u00ed\u017e a nesn\u00e1z vytrvalost\u00ed. Confucius \u0159\u00edk\u00e1: \u201eTen kdo je netrp\u011bliv\u00fd ve v\u0161edn\u00edch v\u011bcech, m\u016f\u017ee z\u0159\u00eddka dos\u00e1hnout \u00fasp\u011bchu ve v\u011bcech velk\u00e9 d\u016fle\u017eitosti.\u201c<\/p>\n<p>Robert Bruce dok\u00e1zal d\u00edky sv\u00e9 vytrvalosti a hou\u017eevnatosti osvobodit ve 14. stolet\u00ed Skotsko.<\/p>\n<\/div>\n<div id=\"d\">\n<h3><\/h3>\n<h3>Sebeovl\u00e1d\u00e1n\u00ed<\/h3>\n<p>Dodr\u017eov\u00e1n\u00ed t\u00e9to z\u00e1sady je nezbytn\u00e9 uvnit\u0159, ale i mimo t\u011blocvi\u010dnu, a\u0165 u\u017e se jedn\u00e1 nap\u0159. o sportovn\u00ed boj nebo o osobn\u00ed z\u00e1le\u017eitosti. Ztr\u00e1ta sebekontroly p\u0159i sportovn\u00edm boji se m\u016f\u017ee st\u00e1t nebezpe\u010dnou jak pro studenta taekwondo , tak pro jeho soupe\u0159e. Tak\u00e9 neschopnost \u017e\u00edt \u010di pracovat podle sv\u00fdch schopnost\u00ed nebo z\u00e1jm\u016f m\u016f\u017ee souviset s nedostatkem sebeovl\u00e1d\u00e1n\u00ed. Lao-c\u00b4 prav\u00ed: \u201eSiln\u011bj\u0161\u00ed je ten, kdo zv\u00edt\u011bz\u00ed s\u00e1m nad sebou, ne\u017e ten kdo zv\u00edt\u011bz\u00ed nad druh\u00fdm.\u201c<\/p>\n<\/div>\n<div id=\"d\">\n<h3><\/h3>\n<h3>Nezkrotn\u00fd duch<\/h3>\n<p>Tento cit\u00e1t s\u00e1m o\u00a0sob\u011b symbolizuje odvahu: \u201eZde le\u017e\u00ed t\u0159i sta t\u011bch, kte\u0159\u00ed splnili svou povinnost.\u201c Tv\u00e1\u0159\u00ed v\u00a0tv\u00e1\u0159 p\u0159evaze Xerxese uk\u00e1zali Leonidas a jeho t\u0159i sta Spar\u0165an\u016f sv\u011btu v\u00fdznam nezkrotn\u00e9ho ducha &#8211; odvahy, kter\u00e1 se projev\u00ed, je-li odv\u00e1\u017en\u00e1 osoba se sv\u00fdmi n\u00e1zory postavena proti drtiv\u00e9 p\u0159evaze.<\/p>\n<p>Spr\u00e1vn\u00fd student taekwondo je v\u017edy skromn\u00fd a \u010destn\u00fd. Setk\u00e1-li se s nespravedlnost\u00ed, m\u011bl by se pokusit o n\u00e1pravu, a to beze strachu a v\u00e1h\u00e1n\u00ed, s nezkrotn\u00fdm duchem, bez ohledu na to, kdo je jeho protivn\u00edk a v jak\u00e9m je po\u010dtu. \u0158e\u010deno slovy Confucia \u201eJe skutkem zbab\u011blosti nepromluvit proti nespravedlnosti.\u201c<\/p>\n<\/div>\n<\/div>\n","protected":false},"excerpt":{"rendered":"<p>Vysv\u011btlen\u00ed z\u00e1sad taekwondo Nen\u00ed t\u0159eba zd\u016fraz\u0148ovat, \u017ee \u00fasp\u011bch nebo selh\u00e1n\u00ed adepta taekwondo \u0161iroce z\u00e1vis\u00ed na tom, jak jsou zachov\u00e1ny a praktikov\u00e1ny z\u00e1sady taekwondo , je\u017e by m\u011bly slou\u017eit jako vod\u00edtko pro v\u0161echny opravdov\u00e9 adepty tohoto um\u011bn\u00ed. &nbsp; Zdvo\u0159ilost Studenti taekwondo <a class=\"more-link\" href=\"https:\/\/samil.cz\/tkd\/?page_id=335\">Cel\u00fd \u010dl\u00e1nek  <span class=\"screen-reader-text\">  Z\u00e1sady &#8211; podrobn\u011b<\/span><span class=\"meta-nav\">&rarr;<\/span><\/a><\/p>\n","protected":false},"author":1,"featured_media":0,"parent":317,"menu_order":0,"comment_status":"closed","ping_status":"closed","template":"","meta":{"ngg_post_thumbnail":0,"footnotes":""},"class_list":["post-335","page","type-page","status-publish","hentry"],"_links":{"self":[{"href":"https:\/\/samil.cz\/tkd\/index.php?rest_route=\/wp\/v2\/pages\/335","targetHints":{"allow":["GET"]}}],"collection":[{"href":"https:\/\/samil.cz\/tkd\/index.php?rest_route=\/wp\/v2\/pages"}],"about":[{"href":"https:\/\/samil.cz\/tkd\/index.php?rest_route=\/wp\/v2\/types\/page"}],"author":[{"embeddable":true,"href":"https:\/\/samil.cz\/tkd\/index.php?rest_route=\/wp\/v2\/users\/1"}],"replies":[{"embeddable":true,"href":"https:\/\/samil.cz\/tkd\/index.php?rest_route=%2Fwp%2Fv2%2Fcomments&post=335"}],"version-history":[{"count":1,"href":"https:\/\/samil.cz\/tkd\/index.php?rest_route=\/wp\/v2\/pages\/335\/revisions"}],"predecessor-version":[{"id":336,"href":"https:\/\/samil.cz\/tkd\/index.php?rest_route=\/wp\/v2\/pages\/335\/revisions\/336"}],"up":[{"embeddable":true,"href":"https:\/\/samil.cz\/tkd\/index.php?rest_route=\/wp\/v2\/pages\/317"}],"wp:attachment":[{"href":"https:\/\/samil.cz\/tkd\/index.php?rest_route=%2Fwp%2Fv2%2Fmedia&parent=335"}],"curies":[{"name":"wp","href":"https:\/\/api.w.org\/{rel}","templated":true}]}}