{"id":331,"date":"2021-04-23T18:34:08","date_gmt":"2021-04-23T18:34:08","guid":{"rendered":"https:\/\/tkd.samil.cz\/?page_id=331"},"modified":"2022-11-22T22:48:27","modified_gmt":"2022-11-22T22:48:27","slug":"slib","status":"publish","type":"page","link":"https:\/\/samil.cz\/tkd\/?page_id=331","title":{"rendered":"Slib"},"content":{"rendered":"<h1>Slib taekwondo<\/h1>\n<div>\n<ul>\n<li>Budu dodr\u017eovat z\u00e1sady taekwondo.<\/li>\n<li>Budu respektovat instruktora a sonbe.<\/li>\n<li>Nikdy taekwondo nezneu\u017eiji.<\/li>\n<li>Budu zast\u00e1ncem svobody a spravedlnosti.<\/li>\n<li>Budu vytv\u00e1\u0159et m\u00edrov\u011bj\u0161\u00ed sv\u011bt.<\/li>\n<\/ul>\n<\/div>\n","protected":false},"excerpt":{"rendered":"<p>Slib taekwondo Budu dodr\u017eovat z\u00e1sady taekwondo. Budu respektovat instruktora a sonbe. Nikdy taekwondo nezneu\u017eiji. Budu zast\u00e1ncem svobody a spravedlnosti. Budu vytv\u00e1\u0159et m\u00edrov\u011bj\u0161\u00ed sv\u011bt.<\/p>\n","protected":false},"author":1,"featured_media":0,"parent":1554,"menu_order":0,"comment_status":"closed","ping_status":"closed","template":"","meta":{"ngg_post_thumbnail":0,"footnotes":""},"class_list":["post-331","page","type-page","status-publish","hentry"],"_links":{"self":[{"href":"https:\/\/samil.cz\/tkd\/index.php?rest_route=\/wp\/v2\/pages\/331","targetHints":{"allow":["GET"]}}],"collection":[{"href":"https:\/\/samil.cz\/tkd\/index.php?rest_route=\/wp\/v2\/pages"}],"about":[{"href":"https:\/\/samil.cz\/tkd\/index.php?rest_route=\/wp\/v2\/types\/page"}],"author":[{"embeddable":true,"href":"https:\/\/samil.cz\/tkd\/index.php?rest_route=\/wp\/v2\/users\/1"}],"replies":[{"embeddable":true,"href":"https:\/\/samil.cz\/tkd\/index.php?rest_route=%2Fwp%2Fv2%2Fcomments&post=331"}],"version-history":[{"count":1,"href":"https:\/\/samil.cz\/tkd\/index.php?rest_route=\/wp\/v2\/pages\/331\/revisions"}],"predecessor-version":[{"id":332,"href":"https:\/\/samil.cz\/tkd\/index.php?rest_route=\/wp\/v2\/pages\/331\/revisions\/332"}],"up":[{"embeddable":true,"href":"https:\/\/samil.cz\/tkd\/index.php?rest_route=\/wp\/v2\/pages\/1554"}],"wp:attachment":[{"href":"https:\/\/samil.cz\/tkd\/index.php?rest_route=%2Fwp%2Fv2%2Fmedia&parent=331"}],"curies":[{"name":"wp","href":"https:\/\/api.w.org\/{rel}","templated":true}]}}