{"id":317,"date":"2021-04-23T18:20:47","date_gmt":"2021-04-23T18:20:47","guid":{"rendered":"https:\/\/tkd.samil.cz\/?page_id=317"},"modified":"2022-11-22T22:48:44","modified_gmt":"2022-11-22T22:48:44","slug":"zasady","status":"publish","type":"page","link":"https:\/\/samil.cz\/tkd\/?page_id=317","title":{"rendered":"Z\u00e1sady"},"content":{"rendered":"<h1>Z\u00e1sady taekwondo ITF (Taekwondo jungshin)<\/h1>\n<div>\n<ol>\n<li>Zdvo\u0159ilost (lje-ji)<\/li>\n<li>\u010cestnost (jom-\u010dchi)<\/li>\n<li>Vytrvalost (in-ne)<\/li>\n<li>Sebeovl\u00e1d\u00e1n\u00ed (kuk-ki)<\/li>\n<li>Nezkrotn\u00fd duch (pek-d\u017eol bul-gul)<\/li>\n<\/ol>\n<\/div>\n<p>&nbsp;<\/p>\n<p><a href=\"https:\/\/tkd.samil.cz\/?page_id=335\"><em>podrobn\u011b &#8230;<\/em><\/a><\/p>\n","protected":false},"excerpt":{"rendered":"<p>Z\u00e1sady taekwondo ITF (Taekwondo jungshin) Zdvo\u0159ilost (lje-ji) \u010cestnost (jom-\u010dchi) Vytrvalost (in-ne) Sebeovl\u00e1d\u00e1n\u00ed (kuk-ki) Nezkrotn\u00fd duch (pek-d\u017eol bul-gul) &nbsp; podrobn\u011b &#8230;<\/p>\n","protected":false},"author":1,"featured_media":0,"parent":1554,"menu_order":0,"comment_status":"closed","ping_status":"closed","template":"","meta":{"ngg_post_thumbnail":0,"footnotes":""},"class_list":["post-317","page","type-page","status-publish","hentry"],"_links":{"self":[{"href":"https:\/\/samil.cz\/tkd\/index.php?rest_route=\/wp\/v2\/pages\/317","targetHints":{"allow":["GET"]}}],"collection":[{"href":"https:\/\/samil.cz\/tkd\/index.php?rest_route=\/wp\/v2\/pages"}],"about":[{"href":"https:\/\/samil.cz\/tkd\/index.php?rest_route=\/wp\/v2\/types\/page"}],"author":[{"embeddable":true,"href":"https:\/\/samil.cz\/tkd\/index.php?rest_route=\/wp\/v2\/users\/1"}],"replies":[{"embeddable":true,"href":"https:\/\/samil.cz\/tkd\/index.php?rest_route=%2Fwp%2Fv2%2Fcomments&post=317"}],"version-history":[{"count":5,"href":"https:\/\/samil.cz\/tkd\/index.php?rest_route=\/wp\/v2\/pages\/317\/revisions"}],"predecessor-version":[{"id":340,"href":"https:\/\/samil.cz\/tkd\/index.php?rest_route=\/wp\/v2\/pages\/317\/revisions\/340"}],"up":[{"embeddable":true,"href":"https:\/\/samil.cz\/tkd\/index.php?rest_route=\/wp\/v2\/pages\/1554"}],"wp:attachment":[{"href":"https:\/\/samil.cz\/tkd\/index.php?rest_route=%2Fwp%2Fv2%2Fmedia&parent=317"}],"curies":[{"name":"wp","href":"https:\/\/api.w.org\/{rel}","templated":true}]}}