{"id":246,"date":"2021-04-22T18:50:46","date_gmt":"2021-04-22T18:50:46","guid":{"rendered":"https:\/\/tkd.samil.cz\/?page_id=246"},"modified":"2025-08-26T18:56:37","modified_gmt":"2025-08-26T18:56:37","slug":"ti","status":"publish","type":"page","link":"https:\/\/samil.cz\/tkd\/?page_id=246","title":{"rendered":"Ti\u0161nov"},"content":{"rendered":"<h5><strong>B\u011b\u017en\u00e9 tr\u00e9ninky od 9.9.2025 do 25.6.2025<\/strong><\/h5>\n<p>&nbsp;<\/p>\n<p>M\u00edsto: Ti\u0161nov, <strong>mal\u00e1 t\u011blocvi\u010dna Z\u0160 Sm\u00ed\u0161kova<\/strong><\/p>\n<p><strong>\u00dater\u00fd a \u010dtvrtek: 18:00 &#8211; 19:00 hod.<\/strong><\/p>\n<p>&nbsp;<\/p>\n<hr>\n<p>&nbsp;<\/p>\n<p>Odd\u00edlov\u00fd vedouc\u00ed:<\/p>\n<p><strong>Pavla Vorl\u00ed\u010dkov\u00e1<\/strong><\/p>\n<p style=\"padding-left: 40px;\">&nbsp; &nbsp; &nbsp; &nbsp; &nbsp; &nbsp; &nbsp;III. Dan<\/p>\n<p style=\"padding-left: 40px;\">&nbsp; &nbsp; &nbsp; &nbsp; &nbsp; &nbsp; &nbsp;asistent instruktora<\/p>\n<p style=\"padding-left: 40px;\">&nbsp; &nbsp; &nbsp; &nbsp; &nbsp; &nbsp; &nbsp;tel. +420 725 192 334<\/p>\n<p>&nbsp;<\/p>\n<hr>\n<h5>&nbsp;<\/h5>\n<h5><del><strong>Letn\u00ed tr\u00e9ninky od&nbsp; 2.7.2024<a href=\"https:\/\/mapy.cz\/s\/kojonojela\" target=\"_blank\" rel=\"noopener\"><img loading=\"lazy\" decoding=\"async\" class=\"size-medium wp-image-2887 alignright\" src=\"https:\/\/tkd.samil.cz\/wp-content\/uploads\/2024\/06\/tisnov_leto-211x300.jpg\" alt=\"\" width=\"211\" height=\"300\" srcset=\"https:\/\/samil.cz\/tkd\/wp-content\/uploads\/2024\/06\/tisnov_leto-211x300.jpg 211w, https:\/\/samil.cz\/tkd\/wp-content\/uploads\/2024\/06\/tisnov_leto.jpg 337w\" sizes=\"auto, (max-width: 211px) 100vw, 211px\" \/><\/a><\/strong><\/del><\/h5>\n<p>&nbsp;<\/p>\n<p><del>M\u00edsto: Ti\u0161nov, h\u0159i\u0161t\u011b u Z\u0160 Sm\u00ed\u0161kova (jako loni)<\/del><\/p>\n<p>&nbsp;<\/p>\n<p><del><strong>\u00dater\u00fd: 19:00 &#8211; 20:00 hod.<\/strong><\/del><\/p>\n<p>&nbsp;<\/p>\n<hr>\n<p>&nbsp;<\/p>\n","protected":false},"excerpt":{"rendered":"<p>B\u011b\u017en\u00e9 tr\u00e9ninky od 9.9.2025 do 25.6.2025 &nbsp; M\u00edsto: Ti\u0161nov, mal\u00e1 t\u011blocvi\u010dna Z\u0160 Sm\u00ed\u0161kova \u00dater\u00fd a \u010dtvrtek: 18:00 &#8211; 19:00 hod. &nbsp; &nbsp; Odd\u00edlov\u00fd vedouc\u00ed: Pavla Vorl\u00ed\u010dkov\u00e1 &nbsp; &nbsp; &nbsp; &nbsp; &nbsp; &nbsp; &nbsp;III. Dan &nbsp; &nbsp; &nbsp; &nbsp; &nbsp; &nbsp; <a class=\"more-link\" href=\"https:\/\/samil.cz\/tkd\/?page_id=246\">Cel\u00fd \u010dl\u00e1nek  <span class=\"screen-reader-text\">  Ti\u0161nov<\/span><span class=\"meta-nav\">&rarr;<\/span><\/a><\/p>\n","protected":false},"author":1,"featured_media":0,"parent":164,"menu_order":0,"comment_status":"closed","ping_status":"closed","template":"","meta":{"ngg_post_thumbnail":0,"footnotes":""},"class_list":["post-246","page","type-page","status-publish","hentry"],"_links":{"self":[{"href":"https:\/\/samil.cz\/tkd\/index.php?rest_route=\/wp\/v2\/pages\/246","targetHints":{"allow":["GET"]}}],"collection":[{"href":"https:\/\/samil.cz\/tkd\/index.php?rest_route=\/wp\/v2\/pages"}],"about":[{"href":"https:\/\/samil.cz\/tkd\/index.php?rest_route=\/wp\/v2\/types\/page"}],"author":[{"embeddable":true,"href":"https:\/\/samil.cz\/tkd\/index.php?rest_route=\/wp\/v2\/users\/1"}],"replies":[{"embeddable":true,"href":"https:\/\/samil.cz\/tkd\/index.php?rest_route=%2Fwp%2Fv2%2Fcomments&post=246"}],"version-history":[{"count":32,"href":"https:\/\/samil.cz\/tkd\/index.php?rest_route=\/wp\/v2\/pages\/246\/revisions"}],"predecessor-version":[{"id":3108,"href":"https:\/\/samil.cz\/tkd\/index.php?rest_route=\/wp\/v2\/pages\/246\/revisions\/3108"}],"up":[{"embeddable":true,"href":"https:\/\/samil.cz\/tkd\/index.php?rest_route=\/wp\/v2\/pages\/164"}],"wp:attachment":[{"href":"https:\/\/samil.cz\/tkd\/index.php?rest_route=%2Fwp%2Fv2%2Fmedia&parent=246"}],"curies":[{"name":"wp","href":"https:\/\/api.w.org\/{rel}","templated":true}]}}