{"id":2309,"date":"2023-09-02T17:09:13","date_gmt":"2023-09-02T17:09:13","guid":{"rendered":"https:\/\/tkd.samil.cz\/?page_id=2309"},"modified":"2024-01-21T07:14:32","modified_gmt":"2024-01-21T07:14:32","slug":"ukazka-lazany-zari-2023","status":"publish","type":"page","link":"https:\/\/samil.cz\/tkd\/?page_id=2309","title":{"rendered":"Uk\u00e1zka La\u017eany z\u00e1\u0159\u00ed 2023"},"content":{"rendered":"<p><img loading=\"lazy\" decoding=\"async\" class=\"alignnone size-medium wp-image-2811\" src=\"https:\/\/tkd.samil.cz\/wp-content\/uploads\/2024\/01\/DDLA2023_bezvinety-12-300x200.jpg\" alt=\"\" width=\"300\" height=\"200\" srcset=\"https:\/\/samil.cz\/tkd\/wp-content\/uploads\/2024\/01\/DDLA2023_bezvinety-12-300x200.jpg 300w, https:\/\/samil.cz\/tkd\/wp-content\/uploads\/2024\/01\/DDLA2023_bezvinety-12-768x513.jpg 768w, https:\/\/samil.cz\/tkd\/wp-content\/uploads\/2024\/01\/DDLA2023_bezvinety-12-120x80.jpg 120w, https:\/\/samil.cz\/tkd\/wp-content\/uploads\/2024\/01\/DDLA2023_bezvinety-12.jpg 1024w\" sizes=\"auto, (max-width: 300px) 100vw, 300px\" \/> <img loading=\"lazy\" decoding=\"async\" class=\"alignnone size-medium wp-image-2812\" src=\"https:\/\/tkd.samil.cz\/wp-content\/uploads\/2024\/01\/DDLA2023_bezvinety-13-300x200.jpg\" alt=\"\" width=\"300\" height=\"200\" srcset=\"https:\/\/samil.cz\/tkd\/wp-content\/uploads\/2024\/01\/DDLA2023_bezvinety-13-300x200.jpg 300w, https:\/\/samil.cz\/tkd\/wp-content\/uploads\/2024\/01\/DDLA2023_bezvinety-13-768x513.jpg 768w, https:\/\/samil.cz\/tkd\/wp-content\/uploads\/2024\/01\/DDLA2023_bezvinety-13-120x80.jpg 120w, https:\/\/samil.cz\/tkd\/wp-content\/uploads\/2024\/01\/DDLA2023_bezvinety-13.jpg 1024w\" sizes=\"auto, (max-width: 300px) 100vw, 300px\" \/> <img loading=\"lazy\" decoding=\"async\" class=\"alignnone size-medium wp-image-2813\" src=\"https:\/\/tkd.samil.cz\/wp-content\/uploads\/2024\/01\/DDLA2023_bezvinety-14-300x200.jpg\" alt=\"\" width=\"300\" height=\"200\" srcset=\"https:\/\/samil.cz\/tkd\/wp-content\/uploads\/2024\/01\/DDLA2023_bezvinety-14-300x200.jpg 300w, https:\/\/samil.cz\/tkd\/wp-content\/uploads\/2024\/01\/DDLA2023_bezvinety-14-768x513.jpg 768w, https:\/\/samil.cz\/tkd\/wp-content\/uploads\/2024\/01\/DDLA2023_bezvinety-14-120x80.jpg 120w, https:\/\/samil.cz\/tkd\/wp-content\/uploads\/2024\/01\/DDLA2023_bezvinety-14.jpg 1024w\" sizes=\"auto, (max-width: 300px) 100vw, 300px\" \/> <img loading=\"lazy\" decoding=\"async\" class=\"alignnone size-medium wp-image-2814\" src=\"https:\/\/tkd.samil.cz\/wp-content\/uploads\/2024\/01\/DDLA2023_bezvinety-10-300x200.jpg\" alt=\"\" width=\"300\" height=\"200\" srcset=\"https:\/\/samil.cz\/tkd\/wp-content\/uploads\/2024\/01\/DDLA2023_bezvinety-10-300x200.jpg 300w, https:\/\/samil.cz\/tkd\/wp-content\/uploads\/2024\/01\/DDLA2023_bezvinety-10-768x513.jpg 768w, https:\/\/samil.cz\/tkd\/wp-content\/uploads\/2024\/01\/DDLA2023_bezvinety-10-120x80.jpg 120w, https:\/\/samil.cz\/tkd\/wp-content\/uploads\/2024\/01\/DDLA2023_bezvinety-10.jpg 1024w\" sizes=\"auto, (max-width: 300px) 100vw, 300px\" \/> <img loading=\"lazy\" decoding=\"async\" class=\"alignnone size-medium wp-image-2815\" src=\"https:\/\/tkd.samil.cz\/wp-content\/uploads\/2024\/01\/DDLA2023_bezvinety-11-300x200.jpg\" alt=\"\" width=\"300\" height=\"200\" srcset=\"https:\/\/samil.cz\/tkd\/wp-content\/uploads\/2024\/01\/DDLA2023_bezvinety-11-300x200.jpg 300w, https:\/\/samil.cz\/tkd\/wp-content\/uploads\/2024\/01\/DDLA2023_bezvinety-11-768x513.jpg 768w, https:\/\/samil.cz\/tkd\/wp-content\/uploads\/2024\/01\/DDLA2023_bezvinety-11-120x80.jpg 120w, https:\/\/samil.cz\/tkd\/wp-content\/uploads\/2024\/01\/DDLA2023_bezvinety-11.jpg 1024w\" sizes=\"auto, (max-width: 300px) 100vw, 300px\" \/><\/p>\n<p>&nbsp;<\/p>\nngg_shortcode_0_placeholder\n<p>&nbsp;<\/p>\n","protected":false},"excerpt":{"rendered":"<p>&nbsp; &nbsp; &nbsp;<\/p>\n","protected":false},"author":1,"featured_media":0,"parent":2802,"menu_order":0,"comment_status":"closed","ping_status":"closed","template":"page-fullwidth.php","meta":{"ngg_post_thumbnail":0,"footnotes":""},"class_list":["post-2309","page","type-page","status-publish","hentry"],"_links":{"self":[{"href":"https:\/\/samil.cz\/tkd\/index.php?rest_route=\/wp\/v2\/pages\/2309","targetHints":{"allow":["GET"]}}],"collection":[{"href":"https:\/\/samil.cz\/tkd\/index.php?rest_route=\/wp\/v2\/pages"}],"about":[{"href":"https:\/\/samil.cz\/tkd\/index.php?rest_route=\/wp\/v2\/types\/page"}],"author":[{"embeddable":true,"href":"https:\/\/samil.cz\/tkd\/index.php?rest_route=\/wp\/v2\/users\/1"}],"replies":[{"embeddable":true,"href":"https:\/\/samil.cz\/tkd\/index.php?rest_route=%2Fwp%2Fv2%2Fcomments&post=2309"}],"version-history":[{"count":3,"href":"https:\/\/samil.cz\/tkd\/index.php?rest_route=\/wp\/v2\/pages\/2309\/revisions"}],"predecessor-version":[{"id":2816,"href":"https:\/\/samil.cz\/tkd\/index.php?rest_route=\/wp\/v2\/pages\/2309\/revisions\/2816"}],"up":[{"embeddable":true,"href":"https:\/\/samil.cz\/tkd\/index.php?rest_route=\/wp\/v2\/pages\/2802"}],"wp:attachment":[{"href":"https:\/\/samil.cz\/tkd\/index.php?rest_route=%2Fwp%2Fv2%2Fmedia&parent=2309"}],"curies":[{"name":"wp","href":"https:\/\/api.w.org\/{rel}","templated":true}]}}