{"id":2157,"date":"2023-06-18T14:20:51","date_gmt":"2023-06-18T14:20:51","guid":{"rendered":"https:\/\/tkd.samil.cz\/?page_id=2157"},"modified":"2025-09-07T08:49:57","modified_gmt":"2025-09-07T08:49:57","slug":"clenske-prispevky","status":"publish","type":"page","link":"https:\/\/samil.cz\/tkd\/?page_id=2157","title":{"rendered":"\u010clensk\u00e9 p\u0159\u00edsp\u011bvky"},"content":{"rendered":"<p>\u010clensk\u00e9 p\u0159\u00edsp\u011bvky pro rok 2023\/24 i pro&nbsp; 24\/25 i pro 25\/26<\/p>\n<p>&nbsp;<\/p>\n<p>P\u0159i platb\u011b p\u0159evodem do zpr\u00e1vy pro p\u0159\u00edjemce uve\u010fte \u010dlensk\u00fd p\u0159\u00edsp\u011bvek na rok, p\u0159\u00edjmen\u00ed a jm\u00e9no !<\/p>\n<p>&nbsp;<\/p>\n<p>Ro\u010dn\u00ed &#8211; 4.600,- <img loading=\"lazy\" decoding=\"async\" class=\"alignnone wp-image-2163\" src=\"https:\/\/tkd.samil.cz\/wp-content\/uploads\/2023\/06\/Obrazek-WhatsApp-2023-06-23-v-08.29.27-300x300.jpg\" alt=\"\" width=\"84\" height=\"84\" srcset=\"https:\/\/samil.cz\/tkd\/wp-content\/uploads\/2023\/06\/Obrazek-WhatsApp-2023-06-23-v-08.29.27-300x300.jpg 300w, https:\/\/samil.cz\/tkd\/wp-content\/uploads\/2023\/06\/Obrazek-WhatsApp-2023-06-23-v-08.29.27-150x150.jpg 150w, https:\/\/samil.cz\/tkd\/wp-content\/uploads\/2023\/06\/Obrazek-WhatsApp-2023-06-23-v-08.29.27.jpg 360w\" sizes=\"auto, (max-width: 84px) 100vw, 84px\" \/><\/p>\n<p>&nbsp;<\/p>\n<hr>\n<p>&nbsp;<\/p>\n<p>sleva pro druh\u00e9ho \u010dlena rodiny &#8211; ro\u010dn\u00ed \u010dlensk\u00fd p\u0159\u00edsp\u011bvek 3.600,- <img loading=\"lazy\" decoding=\"async\" class=\"alignnone wp-image-2164\" src=\"https:\/\/tkd.samil.cz\/wp-content\/uploads\/2023\/06\/Obrazek-WhatsApp-2023-06-23-v-08.31.28-300x300.jpg\" alt=\"\" width=\"84\" height=\"84\" srcset=\"https:\/\/samil.cz\/tkd\/wp-content\/uploads\/2023\/06\/Obrazek-WhatsApp-2023-06-23-v-08.31.28-300x300.jpg 300w, https:\/\/samil.cz\/tkd\/wp-content\/uploads\/2023\/06\/Obrazek-WhatsApp-2023-06-23-v-08.31.28-150x150.jpg 150w, https:\/\/samil.cz\/tkd\/wp-content\/uploads\/2023\/06\/Obrazek-WhatsApp-2023-06-23-v-08.31.28.jpg 360w\" sizes=\"auto, (max-width: 84px) 100vw, 84px\" \/><\/p>\n<p>&nbsp;<\/p>\n<hr>\n<p>&nbsp;<\/p>\n<p>ka\u017ed\u00fd dal\u0161\u00ed \u010dlen rodiny &#8211; ro\u010dn\u00ed \u010dlensk\u00fd p\u0159\u00edsp\u011bvek 2.600,- <img loading=\"lazy\" decoding=\"async\" class=\"alignnone wp-image-2165\" src=\"https:\/\/tkd.samil.cz\/wp-content\/uploads\/2023\/06\/Obrazek-WhatsApp-2023-06-23-v-08.32.35-300x300.jpg\" alt=\"\" width=\"84\" height=\"84\" srcset=\"https:\/\/samil.cz\/tkd\/wp-content\/uploads\/2023\/06\/Obrazek-WhatsApp-2023-06-23-v-08.32.35-300x300.jpg 300w, https:\/\/samil.cz\/tkd\/wp-content\/uploads\/2023\/06\/Obrazek-WhatsApp-2023-06-23-v-08.32.35-150x150.jpg 150w, https:\/\/samil.cz\/tkd\/wp-content\/uploads\/2023\/06\/Obrazek-WhatsApp-2023-06-23-v-08.32.35.jpg 360w\" sizes=\"auto, (max-width: 84px) 100vw, 84px\" \/><\/p>\n<p>Term\u00edn pro \u00fahradu je nejpozd\u011bji do 31.8. 2023 na \u00fa\u010det \u0161koly 6476718349\/0800.<\/p>\n<p>&nbsp;<\/p>\n<hr>\n<p>&nbsp;<\/p>\n<p>Pro nov\u00e1\u010dky, kte\u0159\u00ed poprv\u00e9 za\u010d\u00ednaj\u00ed, lze vyu\u017e\u00edt p\u016flro\u010dn\u00ed \u010dlensk\u00fd p\u0159\u00edsp\u011bvek 2.600,- splatn\u00fd v m\u011bs\u00edci zah\u00e1jen\u00ed (p\u0159ihl\u00e1\u0161en\u00ed). Druh\u00fd p\u016flrok je splatn\u00fd do 31.1. 2024 <img loading=\"lazy\" decoding=\"async\" class=\"alignnone wp-image-2165\" src=\"https:\/\/tkd.samil.cz\/wp-content\/uploads\/2023\/06\/Obrazek-WhatsApp-2023-06-23-v-08.32.35-300x300.jpg\" alt=\"\" width=\"84\" height=\"84\" srcset=\"https:\/\/samil.cz\/tkd\/wp-content\/uploads\/2023\/06\/Obrazek-WhatsApp-2023-06-23-v-08.32.35-300x300.jpg 300w, https:\/\/samil.cz\/tkd\/wp-content\/uploads\/2023\/06\/Obrazek-WhatsApp-2023-06-23-v-08.32.35-150x150.jpg 150w, https:\/\/samil.cz\/tkd\/wp-content\/uploads\/2023\/06\/Obrazek-WhatsApp-2023-06-23-v-08.32.35.jpg 360w\" sizes=\"auto, (max-width: 84px) 100vw, 84px\" \/><\/p>\n","protected":false},"excerpt":{"rendered":"<p>\u010clensk\u00e9 p\u0159\u00edsp\u011bvky pro rok 2023\/24 i pro&nbsp; 24\/25 i pro 25\/26 &nbsp; P\u0159i platb\u011b p\u0159evodem do zpr\u00e1vy pro p\u0159\u00edjemce uve\u010fte \u010dlensk\u00fd p\u0159\u00edsp\u011bvek na rok, p\u0159\u00edjmen\u00ed a jm\u00e9no ! &nbsp; Ro\u010dn\u00ed &#8211; 4.600,- &nbsp; &nbsp; sleva pro druh\u00e9ho \u010dlena rodiny &#8211; <a class=\"more-link\" href=\"https:\/\/samil.cz\/tkd\/?page_id=2157\">Cel\u00fd \u010dl\u00e1nek  <span class=\"screen-reader-text\">  \u010clensk\u00e9 p\u0159\u00edsp\u011bvky<\/span><span class=\"meta-nav\">&rarr;<\/span><\/a><\/p>\n","protected":false},"author":1,"featured_media":0,"parent":0,"menu_order":0,"comment_status":"closed","ping_status":"closed","template":"","meta":{"ngg_post_thumbnail":0,"footnotes":""},"class_list":["post-2157","page","type-page","status-publish","hentry"],"_links":{"self":[{"href":"https:\/\/samil.cz\/tkd\/index.php?rest_route=\/wp\/v2\/pages\/2157","targetHints":{"allow":["GET"]}}],"collection":[{"href":"https:\/\/samil.cz\/tkd\/index.php?rest_route=\/wp\/v2\/pages"}],"about":[{"href":"https:\/\/samil.cz\/tkd\/index.php?rest_route=\/wp\/v2\/types\/page"}],"author":[{"embeddable":true,"href":"https:\/\/samil.cz\/tkd\/index.php?rest_route=\/wp\/v2\/users\/1"}],"replies":[{"embeddable":true,"href":"https:\/\/samil.cz\/tkd\/index.php?rest_route=%2Fwp%2Fv2%2Fcomments&post=2157"}],"version-history":[{"count":9,"href":"https:\/\/samil.cz\/tkd\/index.php?rest_route=\/wp\/v2\/pages\/2157\/revisions"}],"predecessor-version":[{"id":3111,"href":"https:\/\/samil.cz\/tkd\/index.php?rest_route=\/wp\/v2\/pages\/2157\/revisions\/3111"}],"wp:attachment":[{"href":"https:\/\/samil.cz\/tkd\/index.php?rest_route=%2Fwp%2Fv2%2Fmedia&parent=2157"}],"curies":[{"name":"wp","href":"https:\/\/api.w.org\/{rel}","templated":true}]}}