{"id":1793,"date":"2022-12-11T20:44:23","date_gmt":"2022-12-11T20:44:23","guid":{"rendered":"https:\/\/tkd.samil.cz\/?page_id=1793"},"modified":"2022-12-11T20:49:42","modified_gmt":"2022-12-11T20:49:42","slug":"sam-il","status":"publish","type":"page","link":"https:\/\/samil.cz\/tkd\/?page_id=1793","title":{"rendered":"SAM-IL"},"content":{"rendered":"<p>Na\u0161e \u0161kola je zapsan\u00fdm spolkem dle legislativy.<\/p>\n<p>Struktura:<\/p>\n<ol>\n<li>SPOLKOV\u00c1 &#8211; dle stanov\u00a0 &#8211; jedn\u00e1 se o legislativn\u00ed strukturu dle ustanoven\u00ed o spolc\u00edch, ob\u010dansk\u00e9ho z\u00e1kon\u00edku\n<ol>\n<li>\u010clensk\u00fd v\u00fdbor &#8211; nejvy\u0161\u0161\u00ed org\u00e1n<\/li>\n<li>P\u0159edseda &#8211; statut\u00e1rn\u00ed z\u00e1stupce<\/li>\n<li>Dan\u017eerisaho &#8211; rada u\u010ditel\u016f, dr\u017eitel\u016f \u010dern\u00fdch p\u00e1s\u016f &#8211; dle stanov a pravidel TKD (nos\u00ed zna\u010den\u00ed u\u010ditel\u016f na toboku dle pravidel TKD)\n<ol>\n<li>Mistr*<\/li>\n<li>Instrukto\u0159i &#8211; jedn\u00e1 se o mezin\u00e1rodn\u00ed instruktory dle pravidel TKD<\/li>\n<li>N\u00e1rodn\u00ed instrukto\u0159i** &#8211; jedn\u00e1 se o mistrem pov\u011b\u0159en\u00e9 u\u010ditele s TS 4.-6. Dan<\/li>\n<li>Asistenti** &#8211; jedn\u00e1 se o mistrem pov\u011b\u0159en\u00e9 asistenty u\u010ditele s TS 1.-3. Dan<\/li>\n<\/ol>\n<\/li>\n<li>\u010clen &#8211; \u010dlensk\u00e1 z\u00e1kladna st\u00e1l\u00fdch \u010dlen\u016f &#8211; jedn\u00e1 se o dlouhodob\u00e9 \u010dleny s pat\u0159i\u010dn\u00fdm TS a dal\u0161\u00edmi pravidly dle stanov<\/li>\n<li>\u010clen-host &#8211; jedn\u00e1 se o dal\u0161\u00ed \u010dleny, kr\u00e1tkodob\u00e9 a za\u010d\u00e1te\u010dn\u00edky &#8211; dle stanov<\/li>\n<li>Sdru\u017een\u00fd odd\u00edl &#8211; jedn\u00e1 se o subjekty sdru\u017een\u00e9 k SAM-IL &#8211; dle stanov<\/li>\n<\/ol>\n<\/li>\n<li>ORGANIZA\u010cN\u00cd &#8211; k zaji\u0161t\u011bn\u00ed funguj\u00edc\u00edch odd\u00edl\u016f &#8211; t\u011blocvi\u010dny, informace\n<ol>\n<li>\u0160kola\n<ol>\n<li>P\u0159edseda nebo tajemn\u00edk (pov\u011b\u0159en\u00fd p\u0159edsedou \u010di Dan\u017eerisaho) &#8211; za \u0161kolu jako celek<\/li>\n<\/ol>\n<\/li>\n<li>Odd\u00edly &#8211; zpravidla 1 odd\u00edl pro ka\u017edou obec\n<ol>\n<li>Odd\u00edlov\u00fd vedouc\u00ed &#8211; ka\u017ed\u00fd odd\u00edl m\u00e1 sv\u00e9ho vedouc\u00edho &#8211; jedn\u00e1 se o administrativn\u00ed funkci &#8211; pokud nen\u00ed u\u010ditel, m\u00e1 pod domovenkou dv\u011b hv\u011bzdi\u010dky (intern\u00ed zna\u010den\u00ed na\u0161\u00ed \u0161koly)<\/li>\n<li>Odd\u00edlov\u00fd z\u00e1stupce &#8211; zastupuje odd\u00edlov\u00e9ho vedouc\u00edho &#8211; zpravidla 1-2 na odd\u00edl &#8211; pokud nen\u00ed u\u010ditel, m\u00e1 pod domovenkou jednu hv\u011bzdi\u010dku (intern\u00ed zna\u010den\u00ed na\u0161\u00ed \u0161koly)<\/li>\n<\/ol>\n<\/li>\n<\/ol>\n<\/li>\n<li>TECHNICK\u00c1 &#8211; k zaji\u0161t\u011bn\u00ed v\u00fduky TKD\n<ol>\n<li>Semin\u00e1\u0159e, soust\u0159ed\u011bn\u00ed a dal\u0161\u00ed akce\n<ol>\n<li>v\u00fduku prov\u00e1d\u00ed dosp\u011bl\u00ed u\u010ditel\u00e9*** dle posloupnosti v Dan\u017eerisaho (viz. bod 1.C.)<\/li>\n<\/ol>\n<\/li>\n<li>Tr\u00e9ninky\n<ol>\n<li>v\u00fduku prov\u00e1d\u00ed dosp\u011bl\u00ed u\u010ditel\u00e9*** dle posloupnosti v Dan\u017eerisaho (viz. bod 1.C.)<\/li>\n<li>mladistv\u00fd u\u010ditel sm\u00ed v\u00e9st tr\u00e9nink pouze za p\u0159\u00edtomnosti a dohledu pomocn\u00e9ho asistenta** \u010di dosp\u011bl\u00e9ho \u010dlena-hosta star\u0161\u00edho 24 let<\/li>\n<li>pomocn\u00fd asistent** &#8211; jedn\u00e1 se o mistrem pov\u011b\u0159en\u00e9 pomocn\u00e9 asistenty<\/li>\n<\/ol>\n<\/li>\n<\/ol>\n<\/li>\n<\/ol>\n<hr \/>\n<p>* &#8211; v p\u0159\u00edpad\u011b, \u017ee nen\u00ed ve \u0161kole aktivn\u00ed mistr, zastupuje funkci mezin\u00e1rodn\u00ed instruktor s TS 6. Dan, v\u017edy je nutn\u00fd certifik\u00e1t minim\u00e1ln\u011b 2. tren\u00e9rsk\u00e9 t\u0159\u00eddy s akreditac\u00ed &#8230;, pokud by nebylo spln\u011bno, tuto funkci nahrad\u00ed Technick\u00e1 rada instruktor\u016f ve slo\u017een\u00ed minim\u00e1ln\u011b 3 mezin\u00e1rodn\u00edch instruktor\u016f.<\/p>\n<p>** &#8211; tito u\u010ditel\u00e9 jsou pov\u011b\u0159eni mistrem, na z\u00e1klad\u011b slo\u017een\u00ed asistentsk\u00fdch \u010di instruktorsk\u00fdch zkou\u0161ek a ud\u011blen\u00ed 3. nebo 4. tren\u00e9rsk\u00e9 t\u0159\u00eddy<\/p>\n<p>*** &#8211; u\u010ditel &#8211; obecn\u011b v TKD jsou u\u010ditel\u00e9 v\u0161ichni s pov\u011b\u0159en\u00edm u\u010dit s TS Dan (zna\u010den\u00ed dle TKD)<\/p>\n<p>*** &#8211; pomocn\u00ed asistenti &#8211; jsou dr\u017eitel\u00e9 4. tren\u00e9rsk\u00e9 t\u0159\u00eddy (zna\u010den\u00ed pod domovenkou jednu nebo dv\u011b hv\u011bzdi\u010dky &#8211; intern\u00ed zna\u010den\u00ed na\u0161\u00ed \u0161koly)<\/p>\n<p>Odkaz na zna\u010den\u00ed u\u010ditel\u016f dle TKD<a href=\"https:\/\/tkd.samil.cz\/?page_id=1604\"> zde &#8230;<\/a><\/p>\n<p>&nbsp;<\/p>\n","protected":false},"excerpt":{"rendered":"<p>Na\u0161e \u0161kola je zapsan\u00fdm spolkem dle legislativy. Struktura: SPOLKOV\u00c1 &#8211; dle stanov\u00a0 &#8211; jedn\u00e1 se o legislativn\u00ed strukturu dle ustanoven\u00ed o spolc\u00edch, ob\u010dansk\u00e9ho z\u00e1kon\u00edku \u010clensk\u00fd v\u00fdbor &#8211; nejvy\u0161\u0161\u00ed org\u00e1n P\u0159edseda &#8211; statut\u00e1rn\u00ed z\u00e1stupce Dan\u017eerisaho &#8211; rada u\u010ditel\u016f, dr\u017eitel\u016f \u010dern\u00fdch p\u00e1s\u016f <a class=\"more-link\" href=\"https:\/\/samil.cz\/tkd\/?page_id=1793\">Cel\u00fd \u010dl\u00e1nek  <span class=\"screen-reader-text\">  SAM-IL<\/span><span class=\"meta-nav\">&rarr;<\/span><\/a><\/p>\n","protected":false},"author":1,"featured_media":0,"parent":0,"menu_order":0,"comment_status":"closed","ping_status":"closed","template":"","meta":{"ngg_post_thumbnail":0,"footnotes":""},"class_list":["post-1793","page","type-page","status-publish","hentry"],"_links":{"self":[{"href":"https:\/\/samil.cz\/tkd\/index.php?rest_route=\/wp\/v2\/pages\/1793","targetHints":{"allow":["GET"]}}],"collection":[{"href":"https:\/\/samil.cz\/tkd\/index.php?rest_route=\/wp\/v2\/pages"}],"about":[{"href":"https:\/\/samil.cz\/tkd\/index.php?rest_route=\/wp\/v2\/types\/page"}],"author":[{"embeddable":true,"href":"https:\/\/samil.cz\/tkd\/index.php?rest_route=\/wp\/v2\/users\/1"}],"replies":[{"embeddable":true,"href":"https:\/\/samil.cz\/tkd\/index.php?rest_route=%2Fwp%2Fv2%2Fcomments&post=1793"}],"version-history":[{"count":2,"href":"https:\/\/samil.cz\/tkd\/index.php?rest_route=\/wp\/v2\/pages\/1793\/revisions"}],"predecessor-version":[{"id":1798,"href":"https:\/\/samil.cz\/tkd\/index.php?rest_route=\/wp\/v2\/pages\/1793\/revisions\/1798"}],"wp:attachment":[{"href":"https:\/\/samil.cz\/tkd\/index.php?rest_route=%2Fwp%2Fv2%2Fmedia&parent=1793"}],"curies":[{"name":"wp","href":"https:\/\/api.w.org\/{rel}","templated":true}]}}