{"id":164,"date":"2021-04-22T18:21:20","date_gmt":"2021-04-22T18:21:20","guid":{"rendered":"https:\/\/tkd.samil.cz\/?page_id=164"},"modified":"2022-11-23T18:55:34","modified_gmt":"2022-11-23T18:55:34","slug":"treninky-zacatecniku","status":"publish","type":"page","link":"https:\/\/samil.cz\/tkd\/?page_id=164","title":{"rendered":"Tr\u00e9ninky a odd\u00edly"},"content":{"rendered":"<ul>\n<li>v t\u00e9to skupin\u011b nab\u00eddky naleznete tr\u00e9ninkov\u00e9 \u010dasy, adresy tr\u00e9nink\u016f a kontakty na u\u010ditele a asistenty<\/li>\n<\/ul>\n","protected":false},"excerpt":{"rendered":"<p>v t\u00e9to skupin\u011b nab\u00eddky naleznete tr\u00e9ninkov\u00e9 \u010dasy, adresy tr\u00e9nink\u016f a kontakty na u\u010ditele a asistenty<\/p>\n","protected":false},"author":1,"featured_media":0,"parent":0,"menu_order":0,"comment_status":"closed","ping_status":"closed","template":"","meta":{"ngg_post_thumbnail":0,"footnotes":""},"class_list":["post-164","page","type-page","status-publish","hentry"],"_links":{"self":[{"href":"https:\/\/samil.cz\/tkd\/index.php?rest_route=\/wp\/v2\/pages\/164","targetHints":{"allow":["GET"]}}],"collection":[{"href":"https:\/\/samil.cz\/tkd\/index.php?rest_route=\/wp\/v2\/pages"}],"about":[{"href":"https:\/\/samil.cz\/tkd\/index.php?rest_route=\/wp\/v2\/types\/page"}],"author":[{"embeddable":true,"href":"https:\/\/samil.cz\/tkd\/index.php?rest_route=\/wp\/v2\/users\/1"}],"replies":[{"embeddable":true,"href":"https:\/\/samil.cz\/tkd\/index.php?rest_route=%2Fwp%2Fv2%2Fcomments&post=164"}],"version-history":[{"count":12,"href":"https:\/\/samil.cz\/tkd\/index.php?rest_route=\/wp\/v2\/pages\/164\/revisions"}],"predecessor-version":[{"id":1592,"href":"https:\/\/samil.cz\/tkd\/index.php?rest_route=\/wp\/v2\/pages\/164\/revisions\/1592"}],"wp:attachment":[{"href":"https:\/\/samil.cz\/tkd\/index.php?rest_route=%2Fwp%2Fv2%2Fmedia&parent=164"}],"curies":[{"name":"wp","href":"https:\/\/api.w.org\/{rel}","templated":true}]}}