{"id":1618,"date":"2022-11-23T20:30:36","date_gmt":"2022-11-23T20:30:36","guid":{"rendered":"https:\/\/tkd.samil.cz\/?page_id=1618"},"modified":"2022-11-23T21:06:29","modified_gmt":"2022-11-23T21:06:29","slug":"tobok-cvicebni-ubor","status":"publish","type":"page","link":"https:\/\/samil.cz\/tkd\/?page_id=1618","title":{"rendered":"Tobok (cvi\u010debn\u00ed \u00fabor)"},"content":{"rendered":"<div class=\"twoColumn horizontalPaddingFull standardVerticalSpace\">\n<div class=\"column first\">\n<div>\n<ul>\n<li>B\u00edl\u00e1 barva toboku symbolizuje \u010distotu mysli i \u00famysl\u016f, taekwondista nemus\u00ed b\u00fdt oble\u010den, aby se maskoval, bojuje jen tam, kde se m\u00e1, a v\u017edy otev\u0159en\u011b proti nep\u0159\u00edteli. D\u00e1le je b\u00edl\u00e1 tradi\u010dn\u00ed barva korejsk\u00e9ho n\u00e1rodn\u00edho oble\u010den\u00ed.<\/li>\n<li>Zezadu je korejsk\u00fd i anglick\u00fd n\u00e1pis taekwon-do ve tvaru p\u0159ipom\u00ednaj\u00edc\u00ed strom, symbol taekwon-do jako\u017e i jeho v\u00fdvoj, \u017eivot a s\u00edlu.<\/li>\n<li>Vep\u0159edu je znak Mezin\u00e1rodn\u00ed federace TKD, jeho tvar symbolizuje krun\u00fd\u0159 \u017eelvy, je\u017e je symbolem dlouhov\u011bkosti, d\u00e1le symbolizuje tvar zem\u011bkoule s poledn\u00edky a rovnob\u011b\u017ekami. P\u0159es n\u00ed je n\u00e1pis taekwon v korej\u0161tin\u011b. P\u011bst je symbolem bojov\u00fdch um\u011bn\u00ed, ale tak\u00e9 gener\u00e1l v arm\u00e1d\u011b vedl 29. p\u011b\u0161\u00ed divizi, kter\u00e9 se \u0159\u00edkalo \u201ep\u011bstn\u00ed divize\u201c. Dva prodlou\u017een\u00e9 poledn\u00edky symbolizuj\u00ed jing a jang. N\u00e1pis dokola \u201eobep\u00edn\u00e1\u201c celou zem\u011bkouli.<\/li>\n<li>Z boku na kalhot\u00e1ch je zkratka ITF, je um\u00edst\u011bna na vn\u011bj\u0161\u00edch stran\u00e1ch ve v\u00fd\u0161ce kolen, aby bylo v\u017edy poznat, \u017ee se jedn\u00e1 o cvi\u010dence taekwon-do ITF.<\/li>\n<\/ul>\n<p>&nbsp;<\/p>\n<\/div>\n<div>\n<h2>V\u00fdznam barev p\u00e1sk\u016f<img loading=\"lazy\" decoding=\"async\" class=\"size-medium wp-image-1623 alignright\" src=\"https:\/\/tkd.samil.cz\/wp-content\/uploads\/2022\/11\/Taekwon-Do-Belts-300x118.gif\" alt=\"\" width=\"300\" height=\"118\" \/><\/h2>\n<p>Ka\u017ed\u00e1 barva p\u00e1sku m\u00e1 sv\u016fj v\u00fdznam a smysl. Symbolizuj\u00ed v\u00fdvoj \u017e\u00e1ka a jeho techniky.<\/p>\n<ul>\n<li>B\u00edl\u00e1 barva symbolizuje \u010distotu, pr\u00e1zdno, nenapln\u011bnost &#8211; j\u00e1dro sem\u00ednka<\/li>\n<li>\u017dlut\u00e1 barva symbolizuje kl\u00ed\u010den\u00ed sem\u00ednka v zemi, do n\u00ed\u017e se sem\u00ednko u\u010den\u00ed zasadilo<\/li>\n<li>Zelen\u00e1 barva znamen\u00e1 prvn\u00ed l\u00edstky, prvn\u00ed zn\u00e1mky \u00fasp\u011bchu ve cvi\u010den\u00ed<\/li>\n<li>Modr\u00fd p\u00e1s symbolizuje barvu nebe, sm\u011br v\u00fdvoje cvi\u010den\u00ed i u\u010den\u00ed vzh\u016fru k nebi<\/li>\n<li>\u010cerven\u00fd p\u00e1s znamen\u00e1 barvu plod\u016f \u00fasp\u011bch\u016f, ale i POZOR. Student u\u017e zn\u00e1 dostatek technik, aby mohl b\u00fdt nebezpe\u010dn\u00fd, av\u0161ak m\u016f\u017ee b\u00fdt nebezpe\u010dn\u00fd i s\u00e1m sob\u011b<\/li>\n<li>\u010cern\u00e1 symbolizuje opak b\u00edl\u00e9, napln\u011bnost a schopnost um\u011bt bojovat i v temnot\u011b strachu<\/li>\n<\/ul>\n<h2><img loading=\"lazy\" decoding=\"async\" class=\"size-medium wp-image-1624 alignleft\" src=\"https:\/\/tkd.samil.cz\/wp-content\/uploads\/2022\/11\/pasky-e1669237422233-300x174.jpg\" alt=\"\" width=\"300\" height=\"174\" srcset=\"https:\/\/samil.cz\/tkd\/wp-content\/uploads\/2022\/11\/pasky-e1669237422233-300x174.jpg 300w, https:\/\/samil.cz\/tkd\/wp-content\/uploads\/2022\/11\/pasky-e1669237422233-1024x593.jpg 1024w, https:\/\/samil.cz\/tkd\/wp-content\/uploads\/2022\/11\/pasky-e1669237422233-768x445.jpg 768w, https:\/\/samil.cz\/tkd\/wp-content\/uploads\/2022\/11\/pasky-e1669237422233.jpg 1417w\" sizes=\"auto, (max-width: 300px) 100vw, 300px\" \/><\/h2>\n<p>Barvy p\u00e1sk\u016f maj\u00ed dlouhou tradici. \u010cern\u00e1, \u010derven\u00e1 a modr\u00e1 barva ozna\u010dovali r\u016fzn\u00e9 stupn\u011b hierarchie v\u00a0dynasti\u00edch Koguryo a Silla.<\/p>\n<h2><\/h2>\n<h2>Obto\u010den\u00ed p\u00e1sku<\/h2>\n<p>P\u00e1sek mus\u00ed b\u00fdt obto\u010den\u00fd kolem pasu jen jednou z\u00a0n\u00e1sleduj\u00edc\u00edch d\u016fvod\u016f:<\/p>\n<ul>\n<li>Dos\u00e1hnout v\u017edy jednoho vyty\u010den\u00e9ho c\u00edle. (o do il kwan)<\/li>\n<li>B\u00fdt v\u011brn\u00fd jednomu u\u010diteli. (il pjon dan \u0161im)<\/li>\n<li>Jedinou ranou dos\u00e1hnout v\u00edt\u011bzstv\u00ed. (il kjok pil sung)<\/li>\n<\/ul>\n<\/div>\n<\/div>\n<\/div>\n","protected":false},"excerpt":{"rendered":"<p>B\u00edl\u00e1 barva toboku symbolizuje \u010distotu mysli i \u00famysl\u016f, taekwondista nemus\u00ed b\u00fdt oble\u010den, aby se maskoval, bojuje jen tam, kde se m\u00e1, a v\u017edy otev\u0159en\u011b proti nep\u0159\u00edteli. D\u00e1le je b\u00edl\u00e1 tradi\u010dn\u00ed barva korejsk\u00e9ho n\u00e1rodn\u00edho oble\u010den\u00ed. Zezadu je korejsk\u00fd i anglick\u00fd n\u00e1pis <a class=\"more-link\" href=\"https:\/\/samil.cz\/tkd\/?page_id=1618\">Cel\u00fd \u010dl\u00e1nek  <span class=\"screen-reader-text\">  Tobok (cvi\u010debn\u00ed \u00fabor)<\/span><span class=\"meta-nav\">&rarr;<\/span><\/a><\/p>\n","protected":false},"author":1,"featured_media":0,"parent":1554,"menu_order":0,"comment_status":"closed","ping_status":"closed","template":"","meta":{"ngg_post_thumbnail":0,"footnotes":""},"class_list":["post-1618","page","type-page","status-publish","hentry"],"_links":{"self":[{"href":"https:\/\/samil.cz\/tkd\/index.php?rest_route=\/wp\/v2\/pages\/1618","targetHints":{"allow":["GET"]}}],"collection":[{"href":"https:\/\/samil.cz\/tkd\/index.php?rest_route=\/wp\/v2\/pages"}],"about":[{"href":"https:\/\/samil.cz\/tkd\/index.php?rest_route=\/wp\/v2\/types\/page"}],"author":[{"embeddable":true,"href":"https:\/\/samil.cz\/tkd\/index.php?rest_route=\/wp\/v2\/users\/1"}],"replies":[{"embeddable":true,"href":"https:\/\/samil.cz\/tkd\/index.php?rest_route=%2Fwp%2Fv2%2Fcomments&post=1618"}],"version-history":[{"count":6,"href":"https:\/\/samil.cz\/tkd\/index.php?rest_route=\/wp\/v2\/pages\/1618\/revisions"}],"predecessor-version":[{"id":1627,"href":"https:\/\/samil.cz\/tkd\/index.php?rest_route=\/wp\/v2\/pages\/1618\/revisions\/1627"}],"up":[{"embeddable":true,"href":"https:\/\/samil.cz\/tkd\/index.php?rest_route=\/wp\/v2\/pages\/1554"}],"wp:attachment":[{"href":"https:\/\/samil.cz\/tkd\/index.php?rest_route=%2Fwp%2Fv2%2Fmedia&parent=1618"}],"curies":[{"name":"wp","href":"https:\/\/api.w.org\/{rel}","templated":true}]}}