{"id":1554,"date":"2022-11-22T22:31:55","date_gmt":"2022-11-22T22:31:55","guid":{"rendered":"https:\/\/tkd.samil.cz\/?page_id=1554"},"modified":"2022-11-22T22:31:55","modified_gmt":"2022-11-22T22:31:55","slug":"taekwon-do","status":"publish","type":"page","link":"https:\/\/samil.cz\/tkd\/?page_id=1554","title":{"rendered":"TAEKWON-DO"},"content":{"rendered":"<p>Taekwon-do je korejsk\u00e9 um\u011bn\u00ed sebeobrany.<\/p>\n<p>Podrobn\u011bji v <a href=\"https:\/\/tkd.samil.cz\/?page_id=315\">definici &#8230;<\/a><\/p>\n","protected":false},"excerpt":{"rendered":"<p>Taekwon-do je korejsk\u00e9 um\u011bn\u00ed sebeobrany. Podrobn\u011bji v definici &#8230;<\/p>\n","protected":false},"author":1,"featured_media":0,"parent":0,"menu_order":0,"comment_status":"closed","ping_status":"closed","template":"","meta":{"ngg_post_thumbnail":0,"footnotes":""},"class_list":["post-1554","page","type-page","status-publish","hentry"],"_links":{"self":[{"href":"https:\/\/samil.cz\/tkd\/index.php?rest_route=\/wp\/v2\/pages\/1554","targetHints":{"allow":["GET"]}}],"collection":[{"href":"https:\/\/samil.cz\/tkd\/index.php?rest_route=\/wp\/v2\/pages"}],"about":[{"href":"https:\/\/samil.cz\/tkd\/index.php?rest_route=\/wp\/v2\/types\/page"}],"author":[{"embeddable":true,"href":"https:\/\/samil.cz\/tkd\/index.php?rest_route=\/wp\/v2\/users\/1"}],"replies":[{"embeddable":true,"href":"https:\/\/samil.cz\/tkd\/index.php?rest_route=%2Fwp%2Fv2%2Fcomments&post=1554"}],"version-history":[{"count":1,"href":"https:\/\/samil.cz\/tkd\/index.php?rest_route=\/wp\/v2\/pages\/1554\/revisions"}],"predecessor-version":[{"id":1556,"href":"https:\/\/samil.cz\/tkd\/index.php?rest_route=\/wp\/v2\/pages\/1554\/revisions\/1556"}],"wp:attachment":[{"href":"https:\/\/samil.cz\/tkd\/index.php?rest_route=%2Fwp%2Fv2%2Fmedia&parent=1554"}],"curies":[{"name":"wp","href":"https:\/\/api.w.org\/{rel}","templated":true}]}}