{"id":1527,"date":"2022-11-18T06:30:55","date_gmt":"2022-11-18T06:30:55","guid":{"rendered":"https:\/\/tkd.samil.cz\/?page_id=1527"},"modified":"2022-12-11T20:47:21","modified_gmt":"2022-12-11T20:47:21","slug":"historie-skoly-taekwon-do-sam-il","status":"publish","type":"page","link":"https:\/\/samil.cz\/tkd\/?page_id=1527","title":{"rendered":"Historie \u0160KOLY TAEKWON-DO SAM-IL"},"content":{"rendered":"<p>Historie \u0161koly je spjata s jej\u00edm zakladatelem Pavlem Cig\u00e1n\u011bm. O bojov\u00e1 um\u011bn\u00ed se intenzivn\u011b zaj\u00edm\u00e1 od 14-ti let. P\u0159i studi\u00edch gymn\u00e1zia v Praze m\u011bl mnoho mo\u017enost\u00ed pozn\u00e1vat bojov\u00e1 um\u011bn\u00ed. Tak jako v\u011bt\u0161ina mlad\u00fdch nad\u0161enc\u016f v 80-t\u00fdch letech 20-t\u00e9ho stolet\u00ed, nav\u0161t\u011bvoval tr\u00e9ninky v\u0161ech tehdy dostupn\u00fdch bojov\u00fdch um\u011bn\u00ed (karate, judo, kung-fu). V r\u00e1mci sv\u00fdch studi\u00ed se Pavel Cig\u00e1\u0148 sezn\u00e1mil i s tehdy u n\u00e1s nezn\u00e1m\u00fdm korejsk\u00fdm bojov\u00fdm um\u011bn\u00edm, kter\u00e9 jej velice zaujalo. V letech 1987-88 m\u011bl mo\u017enost vyzkou\u0161et si jedny z prvn\u00edch tr\u00e9ninku pod veden\u00edm mezin\u00e1rodn\u00edho instruktora Hwang Ho-yonga<img loading=\"lazy\" decoding=\"async\" class=\"size-full wp-image-1536 alignright\" src=\"https:\/\/tkd.samil.cz\/wp-content\/uploads\/2022\/11\/HwangHoJong.jpg\" alt=\"\" width=\"300\" height=\"168\" \/>. Od t\u00e9to doby se ji\u017e v\u011bnuje intenzivn\u011b pouze taekwondu. Tehdy cvi\u010d\u00ed na gymn\u00e1ziu, kam doch\u00e1z\u00ed pravideln\u011b v\u00e9st tr\u00e9ninky mez. instr. Hwang Ho-yong a dal\u0161\u00ed roky i mez. instr. Yum Nam-gyu<img loading=\"lazy\" decoding=\"async\" class=\"size-full wp-image-1537 alignleft\" src=\"https:\/\/tkd.samil.cz\/wp-content\/uploads\/2022\/11\/YunNamGyu-e1668966979370.jpg\" alt=\"\" width=\"97\" height=\"183\" \/>, pod jejich\u017e veden\u00edm cvi\u010d\u00ed Pavel Cig\u00e1\u0148 ka\u017ed\u00fd den na v\u0161ech jemu dostupn\u00fdch tr\u00e9ninc\u00edch.<\/p>\n<p>Od roku 1990 pokra\u010duje ve studi\u00edch na akademii v Brn\u011b. Zde sou\u010dasn\u011b zakl\u00e1d\u00e1 prvn\u00ed odd\u00edl taekwon-do na Morav\u011b a t\u00e9\u017e cvi\u010d\u00ed s kamar\u00e1dy v obci Doubravn\u00edk. Postupn\u011b a\u017e do roku 1993 zakl\u00e1d\u00e1 odd\u00edly v dal\u0161\u00edch m\u011bstech, ve Znojm\u011b, T\u0159eb\u00ed\u010di, Byst\u0159ici nad Pern\u0161tejnem a jezd\u00ed s mez. instr. Yun Nam-gyu i na tr\u00e9ninky do vznikaj\u00edc\u00edho odd\u00edlu v Opav\u011b. Dr\u017eitelem \u010dern\u00e9ho p\u00e1su v taekwon-do ITF je od roku 1992.<img loading=\"lazy\" decoding=\"async\" class=\"size-full wp-image-1542 alignright\" src=\"https:\/\/tkd.samil.cz\/wp-content\/uploads\/2022\/11\/90ta-2.png\" alt=\"\" width=\"281\" height=\"200\" \/>\u00a0Po\u010d\u00e1tkem 90-t\u00fdch let se \u0161\u00ed\u0159\u00ed my\u0161lenka pojmenov\u00e1vat \u0161koly taekwon-do dle n\u00e1zvu tul\u016f (sestav) a pozd\u011bji i jin\u00fdch korejsk\u00fdch v\u00fdrazu. V tehdej\u0161\u00ed dob\u011b byl pro Moravu p\u0159id\u011blen mez. instr. Yun Nam-gyu, kter\u00fd ji\u017e v roce 1991 doporu\u010dil Pavlu Cig\u00e1\u0148ovi n\u00e1zev SAM-IL. D\u016fvod je prozaick\u00fd, tak jak\u00fd m\u00e1 v\u00fdznam pro tul a korejsk\u00fd lid, tak odpov\u00edd\u00e1 my\u0161len\u00ed taekwondist\u016f na Morav\u011b.<\/p>\n<p>V letech 1994-96 cvi\u010d\u00ed brn\u011bnsk\u00fd odd\u00edl samostatn\u011b. Postupn\u011b v\u0161echny zalo\u017een\u00e9 odd\u00edly pokra\u010duj\u00ed v samostatn\u00e9 \u010dinnosti.<\/p>\n<p>Pavel Cig\u00e1\u0148 se znovu anga\u017euje do aktivn\u00edho veden\u00ed tr\u00e9ninku a \u0161\u00ed\u0159en\u00ed taekwon-do od roku 2006, kdy za nab\u00eddky spolupr\u00e1ce s m\u00edstn\u00ed organizac\u00ed TJ Sokol \u010ceb\u00edn zakl\u00e1d\u00e1 odd\u00edl taekwon-do Sokol \u010ceb\u00edn. Odtud se datuje nov\u00e1 historie \u0161koly taekwon-do ITF SAM-IL. Na podzim 2007 Pavel Cig\u00e1\u0148 zakl\u00e1d\u00e1 odd\u00edl v Byst\u0159ici n. P. N\u00e1sledn\u011b na podzim 2008 zakl\u00e1d\u00e1 odd\u00edly taekwon-do Sokol Doubravn\u00edk a taekwon-do Dr\u00e1sov. V dubnu 2009 zakl\u00e1d\u00e1 Pavel Cig\u00e1\u0148 odd\u00edl taekwon-do Ku\u0159im. Celkov\u00e1 \u010dlensk\u00e1 z\u00e1kladna zalo\u017een\u00fdch odd\u00edl\u016f roste a mnoh\u00e9 odd\u00edly nemaj\u00ed plnou pr\u00e1vn\u00ed subjektivitu \u010di ztratili zast\u0159e\u0161en\u00ed pr\u00e1vn\u00edmi subjekty. Toto je impulsem k zalo\u017een\u00ed jednotn\u00e9 velk\u00e9 \u0161koly taekwon-do cvi\u010d\u00edc\u00ed pod veden\u00edm Pavla Cig\u00e1n\u011b.<\/p>\n<p>Ofici\u00e1ln\u011b tak vznik\u00e1 27.8.2009 \u0161kola taekwon-do SAM-IL. Na podzim 2009 je zalo\u017een nov\u00fd odd\u00edl taekwon-do Ti\u0161nov. Od ledna 2010 doj\u00ed\u017ed\u00ed Pavel Cig\u00e1\u0148 v\u00e9st tr\u00e9ninky i do Nov\u00e9ho M\u011bsta na Morav\u011b, kde byli m\u00edstn\u00ed nad\u0161enci bez tren\u00e9ra a i tento odd\u00edl se dob\u0159e rozv\u00edj\u00ed. Na ja\u0159e 2010 zahajuj\u00ed nov\u00e9 tr\u00e9ninky dal\u0161\u00edho odd\u00edlu v Brn\u011b a od \u010dervna 2010 za\u010dali cvi\u010dit i senio\u0159i p\u0159i Domov\u011b s pe\u010dovatelskou slu\u017ebou v Ti\u0161nov\u011b. Nejstar\u0161\u00ed seniorkou v taekwon-do na\u0161\u00ed \u0161koly je aktu\u00e1ln\u011b 78-let\u00e1 pan\u00ed a nejmlad\u0161\u00ed 5-ti let\u00e9 d\u011bti. Tento genera\u010dn\u00ed rozd\u00edl nen\u00ed jedinou raritou na\u0161ich odd\u00edl\u016f, zde m\u016f\u017eeme zm\u00ednit i cvi\u010den\u00ed se zdravotn\u011b handicapovan\u00fdmi.<\/p>\n<p>Spole\u010dn\u011b tak\u00e9 prov\u00e1d\u00edme turistiku, pozn\u00e1v\u00e1n\u00ed historick\u00fdch, kulturn\u00edch i p\u0159\u00edrodn\u00edch zaj\u00edmavost\u00ed na\u0161\u00ed zem\u011b a mnoho dal\u0161\u00edch \u010dinnost\u00ed, \u010d\u00edm\u017e napl\u0148ujeme odkaz zakladatele taekwon-do, gener\u00e1la Choi Hong-hi.<\/p>\n","protected":false},"excerpt":{"rendered":"<p>Historie \u0161koly je spjata s jej\u00edm zakladatelem Pavlem Cig\u00e1n\u011bm. O bojov\u00e1 um\u011bn\u00ed se intenzivn\u011b zaj\u00edm\u00e1 od 14-ti let. P\u0159i studi\u00edch gymn\u00e1zia v Praze m\u011bl mnoho mo\u017enost\u00ed pozn\u00e1vat bojov\u00e1 um\u011bn\u00ed. Tak jako v\u011bt\u0161ina mlad\u00fdch nad\u0161enc\u016f v 80-t\u00fdch letech 20-t\u00e9ho stolet\u00ed, nav\u0161t\u011bvoval <a class=\"more-link\" href=\"https:\/\/samil.cz\/tkd\/?page_id=1527\">Cel\u00fd \u010dl\u00e1nek  <span class=\"screen-reader-text\">  Historie \u0160KOLY TAEKWON-DO SAM-IL<\/span><span class=\"meta-nav\">&rarr;<\/span><\/a><\/p>\n","protected":false},"author":1,"featured_media":0,"parent":1793,"menu_order":1,"comment_status":"closed","ping_status":"closed","template":"","meta":{"ngg_post_thumbnail":0,"footnotes":""},"class_list":["post-1527","page","type-page","status-publish","hentry"],"_links":{"self":[{"href":"https:\/\/samil.cz\/tkd\/index.php?rest_route=\/wp\/v2\/pages\/1527","targetHints":{"allow":["GET"]}}],"collection":[{"href":"https:\/\/samil.cz\/tkd\/index.php?rest_route=\/wp\/v2\/pages"}],"about":[{"href":"https:\/\/samil.cz\/tkd\/index.php?rest_route=\/wp\/v2\/types\/page"}],"author":[{"embeddable":true,"href":"https:\/\/samil.cz\/tkd\/index.php?rest_route=\/wp\/v2\/users\/1"}],"replies":[{"embeddable":true,"href":"https:\/\/samil.cz\/tkd\/index.php?rest_route=%2Fwp%2Fv2%2Fcomments&post=1527"}],"version-history":[{"count":9,"href":"https:\/\/samil.cz\/tkd\/index.php?rest_route=\/wp\/v2\/pages\/1527\/revisions"}],"predecessor-version":[{"id":1543,"href":"https:\/\/samil.cz\/tkd\/index.php?rest_route=\/wp\/v2\/pages\/1527\/revisions\/1543"}],"up":[{"embeddable":true,"href":"https:\/\/samil.cz\/tkd\/index.php?rest_route=\/wp\/v2\/pages\/1793"}],"wp:attachment":[{"href":"https:\/\/samil.cz\/tkd\/index.php?rest_route=%2Fwp%2Fv2%2Fmedia&parent=1527"}],"curies":[{"name":"wp","href":"https:\/\/api.w.org\/{rel}","templated":true}]}}