{"id":1388,"date":"2022-11-01T04:02:14","date_gmt":"2022-11-01T04:02:14","guid":{"rendered":"https:\/\/tkd.samil.cz\/?page_id=1388"},"modified":"2023-01-06T11:03:05","modified_gmt":"2023-01-06T11:03:05","slug":"login","status":"publish","type":"page","link":"https:\/\/samil.cz\/tkd\/?page_id=1388","title":{"rendered":"P\u0159ihl\u00e1\u0161en\u00ed"},"content":{"rendered":"<div class=\"wpforms-container wpforms-container-full\" id=\"wpforms-1851\"><form id=\"wpforms-form-1851\" class=\"wpforms-validate wpforms-form wpforms-ajax-form\" data-formid=\"1851\" method=\"post\" enctype=\"multipart\/form-data\" action=\"\/tkd\/index.php?rest_route=%2Fwp%2Fv2%2Fpages%2F1388\" data-token=\"440ec6f2fd4f1ef7612b771b1b5e6922\"><noscript class=\"wpforms-error-noscript\">Chcete-li vyplnit tento formul\u00e1\u0159, pros\u00edm povolte v prohl\u00ed\u017ee\u010di JavaScript.<\/noscript><div class=\"wpforms-field-container\"><div id=\"wpforms-1851-field_1-container\" class=\"wpforms-field wpforms-field-text\" data-field-id=\"1\"><label class=\"wpforms-field-label\" for=\"wpforms-1851-field_1\">Jm\u00e9no <span class=\"wpforms-required-label\">*<\/span><\/label><input type=\"text\" id=\"wpforms-1851-field_1\" class=\"wpforms-field-medium wpforms-field-required\" name=\"wpforms[fields][1]\" required><\/div><div id=\"wpforms-1851-field_2-container\" class=\"wpforms-field wpforms-field-text\" data-field-id=\"2\"><label class=\"wpforms-field-label\" for=\"wpforms-1851-field_2\">P\u0159\u00edjmen\u00ed <span class=\"wpforms-required-label\">*<\/span><\/label><input type=\"text\" id=\"wpforms-1851-field_2\" class=\"wpforms-field-medium wpforms-field-required\" name=\"wpforms[fields][2]\" required><\/div><div id=\"wpforms-1851-field_6-container\" class=\"wpforms-field wpforms-field-number wpforms-conditional-trigger\" data-field-id=\"6\"><label class=\"wpforms-field-label\" for=\"wpforms-1851-field_6\">R\u010c <span class=\"wpforms-required-label\">*<\/span><\/label><input type=\"number\" pattern=\"\\d*\" id=\"wpforms-1851-field_6\" class=\"wpforms-field-medium wpforms-field-required\" name=\"wpforms[fields][6]\" required><div class=\"wpforms-field-description\">Rodn\u00e9 \u010d\u00edslo bez lom\u00edtka<\/div><\/div><div id=\"wpforms-1851-field_11-container\" class=\"wpforms-field wpforms-field-phone\" data-field-id=\"11\"><label class=\"wpforms-field-label\" for=\"wpforms-1851-field_11\">Phone<\/label><input type=\"tel\" id=\"wpforms-1851-field_11\" class=\"wpforms-field-medium wpforms-smart-phone-field\" data-rule-smart-phone-field=\"true\" name=\"wpforms[fields][11]\" ><\/div><div id=\"wpforms-1851-field_12-container\" class=\"wpforms-field wpforms-field-email\" data-field-id=\"12\"><label class=\"wpforms-field-label\" for=\"wpforms-1851-field_12\">E-mail <span class=\"wpforms-required-label\">*<\/span><\/label><input type=\"email\" id=\"wpforms-1851-field_12\" class=\"wpforms-field-medium wpforms-field-required\" name=\"wpforms[fields][12]\" spellcheck=\"false\" required><\/div><div id=\"wpforms-1851-field_7-container\" class=\"wpforms-field wpforms-field-address\" data-field-id=\"7\"><label class=\"wpforms-field-label\" for=\"wpforms-1851-field_7\">Address<\/label><div class=\"wpforms-field-row wpforms-field-medium\"><div ><input type=\"text\" id=\"wpforms-1851-field_7\" class=\"wpforms-field-address-address1\" name=\"wpforms[fields][7][address1]\" ><label for=\"wpforms-1851-field_7\" class=\"wpforms-field-sublabel after \">Address Line 1<\/label><\/div><\/div><div class=\"wpforms-field-row wpforms-field-medium\"><div class=\"wpforms-field-row-block wpforms-one-half wpforms-first\"><input type=\"text\" id=\"wpforms-1851-field_7-city\" class=\"wpforms-field-address-city\" name=\"wpforms[fields][7][city]\" ><label for=\"wpforms-1851-field_7-city\" class=\"wpforms-field-sublabel after \">City<\/label><\/div><div class=\"wpforms-field-row-block wpforms-one-half\"><input type=\"text\" id=\"wpforms-1851-field_7-state\" class=\"wpforms-field-address-state\" name=\"wpforms[fields][7][state]\" ><label for=\"wpforms-1851-field_7-state\" class=\"wpforms-field-sublabel after \">State \/ Province \/ Region<\/label><\/div><\/div><div class=\"wpforms-field-row wpforms-field-medium\"><div class=\"wpforms-field-row-block wpforms-one-half wpforms-first\"><input type=\"text\" id=\"wpforms-1851-field_7-postal\" class=\"wpforms-field-address-postal\" name=\"wpforms[fields][7][postal]\" ><label for=\"wpforms-1851-field_7-postal\" class=\"wpforms-field-sublabel after \">Postal Code<\/label><\/div><div class=\"wpforms-field-row-block wpforms-one-half\"><select id=\"wpforms-1851-field_7-country\" class=\"wpforms-field-address-country\" name=\"wpforms[fields][7][country]\" placeholder=\"\u010cesk\u00e1 Republika\" ><option class=\"placeholder\" value=\"\" selected disabled>\u010cesk\u00e1 Republika<\/option><option value=\"IR\" > \u00cdr\u00e1nsk\u00e1 isl\u00e1msk\u00e1 republika<\/option><option value=\"AF\" >Afgh\u00e1nist\u00e1n<\/option><option value=\"AX\" >Alandy<\/option><option value=\"AL\" >Alb\u00e1nie<\/option><option value=\"DZ\" >Al\u017e\u00edrsko<\/option><option value=\"AS\" >Americk\u00e1 Samoa<\/option><option value=\"VI\" >Americk\u00e9 Panensk\u00e9 ostrovy<\/option><option value=\"AD\" >Andorra<\/option><option value=\"AO\" >Angola<\/option><option value=\"AI\" >Anguilla<\/option><option value=\"AQ\" >Antarktida<\/option><option value=\"AG\" >Antigua a Barbuda<\/option><option value=\"AR\" >Argentina<\/option><option value=\"AM\" >Arm\u00e9nie<\/option><option value=\"AW\" >Aruba<\/option><option value=\"AU\" >Austr\u00e1lie<\/option><option value=\"BS\" >Bahamy<\/option><option value=\"BH\" >Bahrajn<\/option><option value=\"BD\" >Banglad\u00e9\u0161<\/option><option value=\"BB\" >Barbados<\/option><option value=\"BE\" >Belgie<\/option><option value=\"BZ\" >Belize<\/option><option value=\"BJ\" >Benin<\/option><option value=\"BM\" >Bermudy<\/option><option value=\"BT\" >Bh\u00fat\u00e1n<\/option><option value=\"BO\" >Bol\u00edvie<\/option><option value=\"BQ\" >Bonaire, Svat\u00fd Eustach a Saba<\/option><option value=\"BA\" >Bosna a Hercegovina<\/option><option value=\"BW\" >Botswana<\/option><option value=\"BV\" >Bouvet\u016fv ostrov<\/option><option value=\"BR\" >Braz\u00edlie<\/option><option value=\"VG\" >Britsk\u00e9 Panensk\u00e9 ostrovy<\/option><option value=\"IO\" >Britsk\u00e9 indickooce\u00e1nsk\u00e9 \u00fazem\u00ed<\/option><option value=\"BN\" >Brunej<\/option><option value=\"BG\" >Bulharsko<\/option><option value=\"BF\" >Burkina Faso<\/option><option value=\"BI\" >Burundi<\/option><option value=\"BY\" >B\u011blorusko<\/option><option value=\"CL\" >Chile<\/option><option value=\"HR\" >Chorvatsko<\/option><option value=\"CK\" >Cookovy ostrovy<\/option><option value=\"CW\" >Cura\u00e7ao<\/option><option value=\"CD\" >Demokratick\u00e1 republika Kongo<\/option><option value=\"DM\" >Dominika<\/option><option value=\"DO\" >Dominik\u00e1nsk\u00e1 republika<\/option><option value=\"DK\" >D\u00e1nsko<\/option><option value=\"DJ\" >D\u017eibutsko<\/option><option value=\"EG\" >Egypt<\/option><option value=\"EC\" >Ekv\u00e1dor<\/option><option value=\"ER\" >Eritrea<\/option><option value=\"EE\" >Estonsko<\/option><option value=\"ET\" >Etiopie<\/option><option value=\"FO\" >Faersk\u00e9 ostrovy<\/option><option value=\"FK\" >Falklandy (Malv\u00edny)<\/option><option value=\"FM\" >Federativn\u00ed st\u00e1ty Mikron\u00e9sie<\/option><option value=\"FJ\" >Fid\u017ei<\/option><option value=\"PH\" >Filip\u00edny<\/option><option value=\"FI\" >Finsko<\/option><option value=\"FR\" >Francie<\/option><option value=\"GF\" >Francouzsk\u00e1 Guyana<\/option><option value=\"PF\" >Francouzsk\u00e1 Polyn\u00e9sie<\/option><option value=\"TF\" >Francouzsk\u00e1 ji\u017en\u00ed a antarktick\u00e1 \u00fazem\u00ed<\/option><option value=\"GA\" >Gabon<\/option><option value=\"GM\" >Gambie<\/option><option value=\"GP\" >Gaudeloupe<\/option><option value=\"GH\" >Ghana<\/option><option value=\"GI\" >Gibraltar<\/option><option value=\"GD\" >Grenada<\/option><option value=\"GE\" >Gruzie<\/option><option value=\"GL\" >Gr\u00f3nsko<\/option><option value=\"GU\" >Guam<\/option><option value=\"GT\" >Guatemala<\/option><option value=\"GG\" >Guernsey<\/option><option value=\"GN\" >Guinea<\/option><option value=\"GW\" >Guinea-Bissau<\/option><option value=\"GY\" >Guyana<\/option><option value=\"HT\" >Haiti<\/option><option value=\"HM\" >Heard\u016fv ostrov a McDonaldovy ostrovy<\/option><option value=\"HN\" >Honduras<\/option><option value=\"HK\" >Hongkong<\/option><option value=\"IN\" >Indie<\/option><option value=\"ID\" >Indon\u00e9sie<\/option><option value=\"IE\" >Irsko<\/option><option value=\"IQ\" >Ir\u00e1k<\/option><option value=\"IS\" >Island<\/option><option value=\"IT\" >It\u00e1lie<\/option><option value=\"IL\" >Izrael<\/option><option value=\"JM\" >Jamajka<\/option><option value=\"JP\" >Japonsko<\/option><option value=\"YE\" >Jemen<\/option><option value=\"JE\" >Jersey<\/option><option value=\"ZA\" >Jihoafrick\u00e1 republika<\/option><option value=\"GS\" >Ji\u017en\u00ed Georgie a Ji\u017en\u00ed Sandwichovy ostrovy<\/option><option value=\"KR\" >Ji\u017en\u00ed Korea<\/option><option value=\"SS\" >Ji\u017en\u00ed S\u00fad\u00e1n<\/option><option value=\"JO\" >Jord\u00e1nsko<\/option><option value=\"KY\" >Kajmansk\u00e9 ostrovy<\/option><option value=\"KH\" >Kambod\u017ea<\/option><option value=\"CM\" >Kamerun<\/option><option value=\"CA\" >Kanada<\/option><option value=\"CV\" >Kapverdy<\/option><option value=\"QA\" >Katar<\/option><option value=\"KZ\" >Kazachst\u00e1n<\/option><option value=\"KE\" >Ke\u0148a<\/option><option value=\"KI\" >Kiribati<\/option><option value=\"CC\" >Kokosov\u00e9 ostrovy<\/option><option value=\"CO\" >Kolumbie<\/option><option value=\"KM\" >Komory<\/option><option value=\"CG\" >Kongo<\/option><option value=\"KP\" >Korejsk\u00e1 lidov\u011b demokratick\u00e1 republika<\/option><option value=\"XK\" >Kosovo<\/option><option value=\"CR\" >Kostarika<\/option><option value=\"CU\" >Kuba<\/option><option value=\"KW\" >Kuvajt<\/option><option value=\"CY\" >Kypr<\/option><option value=\"KG\" >Kyrgyzst\u00e1n<\/option><option value=\"LA\" >Laosk\u00e1 lidov\u011b demokratick\u00e1 republika<\/option><option value=\"LS\" >Lesotho<\/option><option value=\"LB\" >Libanon<\/option><option value=\"LR\" >Lib\u00e9rie<\/option><option value=\"LI\" >Lichten\u0161tejnsko<\/option><option value=\"LT\" >Litva<\/option><option value=\"LV\" >Loty\u0161sko<\/option><option value=\"LU\" >Lucembursko<\/option><option value=\"LY\" >Lybie<\/option><option value=\"MO\" >Macao<\/option><option value=\"MG\" >Madagaskar<\/option><option value=\"MY\" >Malajsie<\/option><option value=\"MW\" >Malawi<\/option><option value=\"MV\" >Maledivy<\/option><option value=\"ML\" >Mali<\/option><option value=\"MT\" >Malta<\/option><option value=\"MA\" >Maroko<\/option><option value=\"MH\" >Marshallovy ostrovy<\/option><option value=\"MQ\" >Martinik<\/option><option value=\"MU\" >Mauricius<\/option><option value=\"MR\" >Maurit\u00e1nie<\/option><option value=\"YT\" >Mayotte<\/option><option value=\"HU\" >Ma\u010farsko<\/option><option value=\"UM\" >Men\u0161\u00ed odlehl\u00e9 ostrovy Spojen\u00fdch st\u00e1t\u016f americk\u00fdch<\/option><option value=\"MX\" >Mexiko<\/option><option value=\"MD\" >Moldavsko<\/option><option value=\"MC\" >Monako<\/option><option value=\"MN\" >Mongolsko<\/option><option value=\"MS\" >Montserrat<\/option><option value=\"MZ\" >Mosambik<\/option><option value=\"MM\" >Myanmar<\/option><option value=\"NA\" >Namibie<\/option><option value=\"NR\" >Nauru<\/option><option value=\"NP\" >Nep\u00e1l<\/option><option value=\"NE\" >Niger<\/option><option value=\"NG\" >Nig\u00e9rie<\/option><option value=\"NI\" >Nikaragua<\/option><option value=\"NU\" >Niue<\/option><option value=\"NL\" >Nizozemsko<\/option><option value=\"NF\" >Norfolk<\/option><option value=\"NO\" >Norsko<\/option><option value=\"NC\" >Nov\u00e1 Kaledonie<\/option><option value=\"NZ\" >Nov\u00fd Z\u00e9land<\/option><option value=\"DE\" >N\u011bmecko<\/option><option value=\"OM\" >Om\u00e1n<\/option><option value=\"IM\" >Ostrov Man<\/option><option value=\"TC\" >Ostrovy Turks a Caicos<\/option><option value=\"PW\" >Palau<\/option><option value=\"PS\" >Palestina<\/option><option value=\"PA\" >Panama<\/option><option value=\"PG\" >Papua Nov\u00e1 Guinea<\/option><option value=\"PY\" >Paraguay<\/option><option value=\"PE\" >Peru<\/option><option value=\"PN\" >Pitcairn<\/option><option value=\"CI\" >Pob\u0159e\u017e\u00ed slonoviny<\/option><option value=\"PL\" >Polsko<\/option><option value=\"PR\" >Portoriko<\/option><option value=\"PT\" >Portugalsko<\/option><option value=\"PK\" >P\u00e1kist\u00e1n<\/option><option value=\"AT\" >Rakousko<\/option><option value=\"GQ\" >Rovn\u00edkov\u00e1 Guinea<\/option><option value=\"RO\" >Rumunsko<\/option><option value=\"RU\" >Rusko<\/option><option value=\"RW\" >Rwanda<\/option><option value=\"RE\" >R\u00e9union<\/option><option value=\"PM\" >Saint Pierre a Miquelon<\/option><option value=\"SV\" >Salvador<\/option><option value=\"WS\" >Samoa<\/option><option value=\"SM\" >San Marino<\/option><option value=\"SA\" >Sa\u00fadsk\u00e1 Ar\u00e1bie<\/option><option value=\"SN\" >Senegal<\/option><option value=\"MK\" >Severn\u00ed Makedonie<\/option><option value=\"MP\" >Severn\u00ed Mariany<\/option><option value=\"SC\" >Seychely<\/option><option value=\"SL\" >Sierra Leone<\/option><option value=\"SG\" >Singapur<\/option><option value=\"SK\" >Slovensko<\/option><option value=\"SI\" >Slovinsko<\/option><option value=\"SO\" >Som\u00e1lsko<\/option><option value=\"AE\" >Spojen\u00e9 arabsk\u00e9 emir\u00e1ty<\/option><option value=\"GB\" >Spojen\u00e9 kr\u00e1lovstv\u00ed Velk\u00e9 Brit\u00e1nie a Severn\u00edho Irska<\/option><option value=\"US\" >Spojen\u00e9 st\u00e1ty americk\u00e9 (USA)<\/option><option value=\"RS\" >Srbsko<\/option><option value=\"LK\" >Sr\u00ed Lanka<\/option><option value=\"CF\" >St\u0159edoafrick\u00e1 republika<\/option><option value=\"SR\" >Surinam<\/option><option value=\"SH\" >Svat\u00e1 Helena<\/option><option value=\"LC\" >Svat\u00e1 Lucie<\/option><option value=\"BL\" >Svat\u00fd Bartolom\u011bj<\/option><option value=\"KN\" >Svat\u00fd Kry\u0161tof a Nevis<\/option><option value=\"MF\" >Svat\u00fd Martin (Francouzsk\u00e1 \u010d\u00e1st)<\/option><option value=\"SX\" >Svat\u00fd Martin (Nizozemsk\u00e1 \u010d\u00e1st)<\/option><option value=\"ST\" >Svat\u00fd Tom\u00e1\u0161 a Princ\u016fv ostrov<\/option><option value=\"VC\" >Svat\u00fd Vincent a Grenadiny<\/option><option value=\"SZ\" >Svazijsk\u00e9 kr\u00e1lovstv\u00ed<\/option><option value=\"SD\" >S\u00fad\u00e1n<\/option><option value=\"SY\" >S\u00fdrie<\/option><option value=\"TZ\" >Tanzanie<\/option><option value=\"TW\" >Tchaj-wan, \u010c\u00ednsk\u00e1 republika<\/option><option value=\"TH\" >Thajsko<\/option><option value=\"TG\" >Togo<\/option><option value=\"TK\" >Tokelau<\/option><option value=\"TO\" >Tonga<\/option><option value=\"TT\" >Trinidad a Tobago<\/option><option value=\"TN\" >Tunisko<\/option><option value=\"TR\" >Turecko<\/option><option value=\"TM\" >Turkmenist\u00e1n<\/option><option value=\"TV\" >Tuvalu<\/option><option value=\"TJ\" >T\u00e1d\u017eikist\u00e1n<\/option><option value=\"UG\" >Uganda<\/option><option value=\"UA\" >Ukrajina<\/option><option value=\"UY\" >Uruguay<\/option><option value=\"UZ\" >Uzbekist\u00e1n<\/option><option value=\"VU\" >Vanuatu<\/option><option value=\"VA\" >Vatik\u00e1n<\/option><option value=\"VE\" >Venezuela<\/option><option value=\"VN\" >Vietnam<\/option><option value=\"CX\" >V\u00e1no\u010dn\u00ed ostrov<\/option><option value=\"TL\" >V\u00fdchodn\u00ed Timor<\/option><option value=\"WF\" >Wallis a Futuna<\/option><option value=\"ZM\" >Zambie<\/option><option value=\"ZW\" >Zimbabwe<\/option><option value=\"EH\" >Z\u00e1padn\u00ed Sahara<\/option><option value=\"AZ\" >\u00c1zerb\u00e1jd\u017e\u00e1n<\/option><option value=\"TD\" >\u010cad<\/option><option value=\"ME\" >\u010cern\u00e1 Hora<\/option><option value=\"CZ\" >\u010cesk\u00e1 republika<\/option><option value=\"CN\" >\u010c\u00edna<\/option><option value=\"GR\" >\u0158ecko<\/option><option value=\"SB\" >\u0160alamounovy ostrovy<\/option><option value=\"ES\" >\u0160pan\u011blsko<\/option><option value=\"SJ\" >\u0160picberky a Jan Mayen<\/option><option value=\"SE\" >\u0160v\u00e9dsko<\/option><option value=\"CH\" >\u0160v\u00fdcarsko<\/option><\/select><label for=\"wpforms-1851-field_7-country\" class=\"wpforms-field-sublabel after \">Country<\/label><\/div><\/div><\/div><div id=\"wpforms-1851-field_19-container\" class=\"wpforms-field wpforms-field-select wpforms-field-select-style-classic\" data-field-id=\"19\"><label class=\"wpforms-field-label\" for=\"wpforms-1851-field_19\">Chci se zaregistrovat do <span class=\"wpforms-required-label\">*<\/span><\/label><select id=\"wpforms-1851-field_19\" class=\"wpforms-field-medium wpforms-field-required\" name=\"wpforms[fields][19]\" required=\"required\"><option value=\"odd\u00edlu Ti\u0161nov, \u0161koly SAM-IL\"  selected='selected'>odd\u00edlu Ti\u0161nov, \u0161koly SAM-IL<\/option><option value=\"odd\u00edlu NMnM, \u0161koly SAM-IL\" >odd\u00edlu NMnM, \u0161koly SAM-IL<\/option><option value=\"Fighter\u00a0Within, Brno\" >Fighter\u00a0Within, Brno<\/option><option value=\"SAM-IL (bez odd\u00edlov\u00e9 p\u0159\u00edslu\u0161nosti)\" >SAM-IL (bez odd\u00edlov\u00e9 p\u0159\u00edslu\u0161nosti)<\/option><\/select><div class=\"wpforms-field-description\">bez odd\u00edlov\u00e9 p\u0159\u00edslu\u0161nosti - jedn\u00e1 se o \u010dlenstv\u00ed bez pravideln\u00fdch tr\u00e9nink\u016f v konkr\u00e9tn\u00edm odd\u00edle<\/div><\/div><div id=\"wpforms-1851-field_21-container\" class=\"wpforms-field wpforms-field-text wpforms-conditional-field wpforms-conditional-show\" data-field-id=\"21\" style=\"display:none;\"><label class=\"wpforms-field-label\" for=\"wpforms-1851-field_21\">Z\u00e1konn\u00fd z\u00e1stupce - Jm\u00e9no <span class=\"wpforms-required-label\">*<\/span><\/label><input type=\"text\" id=\"wpforms-1851-field_21\" class=\"wpforms-field-medium wpforms-field-required\" name=\"wpforms[fields][21]\" required><\/div><div id=\"wpforms-1851-field_22-container\" class=\"wpforms-field wpforms-field-text wpforms-conditional-field wpforms-conditional-show\" data-field-id=\"22\" style=\"display:none;\"><label class=\"wpforms-field-label\" for=\"wpforms-1851-field_22\">Z\u00e1konn\u00fd z\u00e1stupce - P\u0159\u00edjmen\u00ed <span class=\"wpforms-required-label\">*<\/span><\/label><input type=\"text\" id=\"wpforms-1851-field_22\" class=\"wpforms-field-medium wpforms-field-required\" name=\"wpforms[fields][22]\" required><\/div><div id=\"wpforms-1851-field_24-container\" class=\"wpforms-field wpforms-field-phone wpforms-conditional-field wpforms-conditional-show\" data-field-id=\"24\" style=\"display:none;\"><label class=\"wpforms-field-label\" for=\"wpforms-1851-field_24\">Phone <span class=\"wpforms-required-label\">*<\/span><\/label><input type=\"tel\" id=\"wpforms-1851-field_24\" class=\"wpforms-field-medium wpforms-field-required wpforms-smart-phone-field\" data-rule-smart-phone-field=\"true\" name=\"wpforms[fields][24]\" placeholder=\"Z\u00e1konn\u00fd z\u00e1stupce - telefon\" required><\/div><div id=\"wpforms-1851-field_25-container\" class=\"wpforms-field wpforms-field-email wpforms-conditional-field wpforms-conditional-show\" data-field-id=\"25\" style=\"display:none;\"><label class=\"wpforms-field-label\" for=\"wpforms-1851-field_25\">E-mail <span class=\"wpforms-required-label\">*<\/span><\/label><input type=\"email\" id=\"wpforms-1851-field_25\" class=\"wpforms-field-medium wpforms-field-required\" name=\"wpforms[fields][25]\" spellcheck=\"false\" required><div class=\"wpforms-field-description\">Z\u00e1konn\u00fd z\u00e1stupce - e-mail<\/div><\/div><\/div><!-- .wpforms-field-container --><div class=\"wpforms-submit-container\" ><input type=\"hidden\" name=\"wpforms[id]\" value=\"1851\"><input type=\"hidden\" name=\"wpforms[author]\" value=\"1\"><button type=\"submit\" name=\"wpforms[submit]\" id=\"wpforms-submit-1851\" class=\"wpforms-submit\" data-alt-text=\"Odes\u00edl\u00e1ni...\" data-submit-text=\"P\u0159ihl\u00e1sit se ...\" aria-live=\"assertive\" value=\"wpforms-submit\">P\u0159ihl\u00e1sit se ...<\/button><img loading=\"lazy\" decoding=\"async\" src=\"https:\/\/samil.cz\/tkd\/wp-content\/plugins\/wpforms\/assets\/images\/submit-spin.svg\" class=\"wpforms-submit-spinner\" style=\"display: none;\" width=\"26\" height=\"26\" alt=\"Na\u010d\u00edt\u00e1n\u00ed\"><\/div><\/form><\/div>  <!-- .wpforms-container -->\n","protected":false},"excerpt":{"rendered":"","protected":false},"author":1,"featured_media":0,"parent":1565,"menu_order":0,"comment_status":"closed","ping_status":"closed","template":"","meta":{"ngg_post_thumbnail":0,"footnotes":""},"class_list":["post-1388","page","type-page","status-publish","hentry"],"_links":{"self":[{"href":"https:\/\/samil.cz\/tkd\/index.php?rest_route=\/wp\/v2\/pages\/1388","targetHints":{"allow":["GET"]}}],"collection":[{"href":"https:\/\/samil.cz\/tkd\/index.php?rest_route=\/wp\/v2\/pages"}],"about":[{"href":"https:\/\/samil.cz\/tkd\/index.php?rest_route=\/wp\/v2\/types\/page"}],"author":[{"embeddable":true,"href":"https:\/\/samil.cz\/tkd\/index.php?rest_route=\/wp\/v2\/users\/1"}],"replies":[{"embeddable":true,"href":"https:\/\/samil.cz\/tkd\/index.php?rest_route=%2Fwp%2Fv2%2Fcomments&post=1388"}],"version-history":[{"count":2,"href":"https:\/\/samil.cz\/tkd\/index.php?rest_route=\/wp\/v2\/pages\/1388\/revisions"}],"predecessor-version":[{"id":1877,"href":"https:\/\/samil.cz\/tkd\/index.php?rest_route=\/wp\/v2\/pages\/1388\/revisions\/1877"}],"up":[{"embeddable":true,"href":"https:\/\/samil.cz\/tkd\/index.php?rest_route=\/wp\/v2\/pages\/1565"}],"wp:attachment":[{"href":"https:\/\/samil.cz\/tkd\/index.php?rest_route=%2Fwp%2Fv2%2Fmedia&parent=1388"}],"curies":[{"name":"wp","href":"https:\/\/api.w.org\/{rel}","templated":true}]}}